{"id":948,"date":"2021-03-15T15:35:08","date_gmt":"2021-03-15T14:35:08","guid":{"rendered":"https:\/\/www.subirachs.es\/?page_id=948"},"modified":"2021-03-16T10:28:36","modified_gmt":"2021-03-16T09:28:36","slug":"politica-de-cookies","status":"publish","type":"page","link":"https:\/\/www.subirachs.es\/ca\/politica-de-cookies\/","title":{"rendered":"<legal> Politica de Cookies"},"content":{"rendered":"\t\t<div data-elementor-type=\"wp-page\" data-elementor-id=\"948\" class=\"elementor elementor-948\" data-elementor-post-type=\"page\">\n\t\t\t\t\t\t<section class=\"elementor-section elementor-top-section elementor-element elementor-element-94d4e45 elementor-section-height-min-height elementor-section-boxed elementor-section-height-default elementor-section-items-middle\" data-id=\"94d4e45\" data-element_type=\"section\" data-e-type=\"section\" data-settings=\"{&quot;background_background&quot;:&quot;classic&quot;}\">\n\t\t\t\t\t\t\t<div class=\"elementor-background-overlay\"><\/div>\n\t\t\t\t\t\t\t<div class=\"elementor-container elementor-column-gap-default\">\n\t\t\t\t\t<div class=\"elementor-column elementor-col-100 elementor-top-column elementor-element elementor-element-6c26570\" data-id=\"6c26570\" data-element_type=\"column\" data-e-type=\"column\">\n\t\t\t<div class=\"elementor-widget-wrap elementor-element-populated\">\n\t\t\t\t\t\t<section class=\"elementor-section elementor-inner-section elementor-element elementor-element-95d9ead elementor-section-content-middle elementor-section-boxed elementor-section-height-default elementor-section-height-default\" data-id=\"95d9ead\" data-element_type=\"section\" data-e-type=\"section\">\n\t\t\t\t\t\t<div class=\"elementor-container elementor-column-gap-no\">\n\t\t\t\t\t<div class=\"elementor-column elementor-col-50 elementor-inner-column elementor-element elementor-element-f03e801\" data-id=\"f03e801\" data-element_type=\"column\" data-e-type=\"column\">\n\t\t\t<div class=\"elementor-widget-wrap elementor-element-populated\">\n\t\t\t\t\t\t<div class=\"elementor-element elementor-element-d60ead6 elementor-widget-divider--view-line elementor-widget elementor-widget-divider\" data-id=\"d60ead6\" data-element_type=\"widget\" data-e-type=\"widget\" data-widget_type=\"divider.default\">\n\t\t\t\t<div class=\"elementor-widget-container\">\n\t\t\t\t\t\t\t<div class=\"elementor-divider\">\n\t\t\t<span class=\"elementor-divider-separator\">\n\t\t\t\t\t\t<\/span>\n\t\t<\/div>\n\t\t\t\t\t\t<\/div>\n\t\t\t\t<\/div>\n\t\t\t\t\t<\/div>\n\t\t<\/div>\n\t\t\t\t<div class=\"elementor-column elementor-col-50 elementor-inner-column elementor-element elementor-element-dad849f\" data-id=\"dad849f\" data-element_type=\"column\" data-e-type=\"column\">\n\t\t\t<div class=\"elementor-widget-wrap elementor-element-populated\">\n\t\t\t\t\t\t<div class=\"elementor-element elementor-element-2a53b83 elementor-widget elementor-widget-heading\" data-id=\"2a53b83\" data-element_type=\"widget\" data-e-type=\"widget\" data-widget_type=\"heading.default\">\n\t\t\t\t<div class=\"elementor-widget-container\">\n\t\t\t\t\t<h1 class=\"elementor-heading-title elementor-size-default\">Pol\u00edtica de cookies<\/h1>\t\t\t\t<\/div>\n\t\t\t\t<\/div>\n\t\t\t\t\t<\/div>\n\t\t<\/div>\n\t\t\t\t\t<\/div>\n\t\t<\/section>\n\t\t\t\t\t<\/div>\n\t\t<\/div>\n\t\t\t\t\t<\/div>\n\t\t<\/section>\n\t\t\t\t<section class=\"elementor-section elementor-top-section elementor-element elementor-element-f4b415b elementor-section-boxed elementor-section-height-default elementor-section-height-default\" data-id=\"f4b415b\" data-element_type=\"section\" data-e-type=\"section\">\n\t\t\t\t\t\t<div class=\"elementor-container elementor-column-gap-default\">\n\t\t\t\t\t<div class=\"elementor-column elementor-col-100 elementor-top-column elementor-element elementor-element-306326d\" data-id=\"306326d\" data-element_type=\"column\" data-e-type=\"column\">\n\t\t\t<div class=\"elementor-widget-wrap elementor-element-populated\">\n\t\t\t\t\t\t<div class=\"elementor-element elementor-element-2a67d35 elementor-widget elementor-widget-text-editor\" data-id=\"2a67d35\" data-element_type=\"widget\" data-e-type=\"widget\" data-widget_type=\"text-editor.default\">\n\t\t\t\t<div class=\"elementor-widget-container\">\n\t\t\t\t\t\t\t\t\t<p><span style=\"font-weight: 400;\">En cumplimiento con el deber de informaci\u00f3n recogido en el apartado 2\u00ba del art\u00edculo 22 de la Ley 34\/2002, de 11 de Julio, de Servicios de la Sociedad de la Informaci\u00f3n y del Comercio Electr\u00f3nico, la presente pol\u00edtica de cookies tiene por finalidad informarle de manera clara y precisa sobre las cookies que se utilizan en la p\u00e1gina web de SUBIRACHS.<\/span><\/p><h4>\u00bfQU\u00c9 SON LAS COOKIES?<\/h4><p><span style=\"font-weight: 400;\">Una cookie es un fichero de peque\u00f1o tama\u00f1o que los sitios web env\u00edan al navegador y se descargan en su ordenador. Las cookies permiten que la p\u00e1gina web almacene y recupere la informaci\u00f3n sobre su visita, como su idioma preferido y otras opciones, con el fin de mejorar los servicios que se ofrecen y contribuir a tener una mejor experiencia de navegaci\u00f3n para el usuario.<\/span><\/p><h4>TIPOS DE COOKIES<\/h4><p><span style=\"font-weight: 400;\">En funci\u00f3n de qui\u00e9n gestione el dominio desde donde se env\u00edan las cookies y se traten los datos, se distinguir\u00e1 entre cookies propias y cookies de terceros.<\/span><\/p><p><span style=\"font-weight: 400;\">Las cookies tambi\u00e9n pueden clasificarse seg\u00fan el plazo de tiempo que permanezcan almacenadas en el navegador del usuario, distingui\u00e9ndose entre cookies de sesi\u00f3n o cookies persistentes.<\/span><\/p><p><span style=\"font-weight: 400;\">Finalmente, en funci\u00f3n de la finalidad para la que se trate la informaci\u00f3n recopilada, las cookies se pueden clasificar en las siguientes categor\u00edas:<\/span><\/p><ul><li style=\"font-weight: 400;\" aria-level=\"1\"><span style=\"font-weight: 400;\">Cookies t\u00e9cnicas: permiten al usuario navegar por un sitio web y utilizar algunos de los servicios ofrecidos por el mismo (como, por ejemplo, las que sirven para recordar los elementos integrantes de un carrito de compra).<\/span><\/li><\/ul><p><table class=\"cookielawinfo-row-cat-table cookielawinfo-winter\"><thead><tr><th class=\"cookielawinfo-column-1\">Galeta<\/th><th class=\"cookielawinfo-column-3\">Durada<\/th><th class=\"cookielawinfo-column-4\">Descripci\u00f3<\/th><\/tr><\/thead><tbody><tr class=\"cookielawinfo-row\"><td class=\"cookielawinfo-column-1\">cookielawinfo-checbox-analytics<\/td><td class=\"cookielawinfo-column-3\">1 a\u00f1o<\/td><td class=\"cookielawinfo-column-4\">Utilizada para guardar la selecci\u00f3n del visitante en la categor\u00eda de cookies anal\u00edticas.<\/td><\/tr><tr class=\"cookielawinfo-row\"><td class=\"cookielawinfo-column-1\">cookielawinfo-checkbox-necessary<\/td><td class=\"cookielawinfo-column-3\">1 a\u00f1o<\/td><td class=\"cookielawinfo-column-4\">Utilizada para guardar la selecci\u00f3n del visitante en la categor\u00eda de cookies necesarias.<\/td><\/tr><tr class=\"cookielawinfo-row\"><td class=\"cookielawinfo-column-1\">CookieLawInfoConsent<\/td><td class=\"cookielawinfo-column-3\">1 a\u00f1o<\/td><td class=\"cookielawinfo-column-4\">Cookie del plugin gestor del consentimiento de cookies, recuerda la aceptaci\u00f3n de las cookies<\/td><\/tr><tr class=\"cookielawinfo-row\"><td class=\"cookielawinfo-column-1\">viewed_cookie_policy<\/td><td class=\"cookielawinfo-column-3\">1 a\u00f1o<\/td><td class=\"cookielawinfo-column-4\">Se usa para recordar en futuras visitas si ha aceptado la pol\u00edtica de cookies y no volver a mostrar el mensaje<\/td><\/tr><\/tbody><\/table><\/p><ul><li style=\"font-weight: 400;\" aria-level=\"1\"><span style=\"font-weight: 400;\">Cookies de an\u00e1lisis: permiten al responsable el seguimiento del comportamiento del usuario.<\/span><\/li><\/ul><p><table class=\"cookielawinfo-row-cat-table cookielawinfo-winter\"><thead><tr><th class=\"cookielawinfo-column-1\">Galeta<\/th><th class=\"cookielawinfo-column-3\">Durada<\/th><th class=\"cookielawinfo-column-4\">Descripci\u00f3<\/th><\/tr><\/thead><tbody><tr class=\"cookielawinfo-row\"><td class=\"cookielawinfo-column-1\">Google Analytics (_ga_XXX)<\/td><td class=\"cookielawinfo-column-3\">2 a\u00f1os<\/td><td class=\"cookielawinfo-column-4\">Se usa para distinguir y diferencias a usuarios (de forma an\u00f3nima) distintos para estad\u00edsticas y anal\u00edticas.<\/td><\/tr><tr class=\"cookielawinfo-row\"><td class=\"cookielawinfo-column-1\">Google Analytics (_ga)<\/td><td class=\"cookielawinfo-column-3\">2 a\u00f1os<\/td><td class=\"cookielawinfo-column-4\">Se usa para distinguir y diferencias a usuarios (de forma an\u00f3nima) distintos para estad\u00edsticas y anal\u00edticas.<\/td><\/tr><\/tbody><\/table><\/p><p><span style=\"font-weight: 400;\">[1] \u2013 Condiciones de privacidad de Google Analytics: <\/span><a href=\"https:\/\/www.google.com\/intl\/es\/analytics\/privacyoverview.html\"><span style=\"font-weight: 400;\">https:\/\/www.google.com\/intl\/es\/analytics\/privacyoverview.html<\/span><\/a><\/p><h4>AUTORIZACI\u00d3N PARA E L USO DE COOKIES<\/h4><p><span style=\"font-weight: 400;\">De conformidad con el aviso de cookies que aparece en el sitio web, el usuario puede consentir expresamente el uso de cookies que requieran consentimiento; sin embargo, el uso de cookies t\u00e9cnicas o necesarias no requiere de consentimiento. Sin perjuicio de todo ello, el usuario puede modificar la configuraci\u00f3n de su navegador para rechazar el uso de las cookies.<\/span><\/p><h4>C\u00d3MO MODIFICAR LA CONFIGURACI\u00d3N DE LAS COOKIES<\/h4><p><span style=\"font-weight: 400;\">Usted puede restringir, bloquear o borrar las cookies de SUBIRACHS o cualquier otra p\u00e1gina web utilizando su navegador. En cada navegador la operativa es diferente, puede encontrar c\u00f3mo hacerlo en el men\u00fa de ayuda de su navegador d\u00f3nde se establece el procedimiento para su eliminaci\u00f3n. Para m\u00e1s informaci\u00f3n:<\/span><\/p><ul><li style=\"font-weight: 400;\" aria-level=\"1\"><span style=\"font-weight: 400;\">Google Chrome: <\/span><a href=\"https:\/\/support.google.com\/chrome\/answer\/95647?co=GENIE.Platform%3DDesktop&amp;hl=es\"><span style=\"font-weight: 400;\">https:\/\/support.google.com\/chrome\/answer\/95647?co=GENIE.Platform%3DDesktop&amp;hl=es<\/span><\/a><\/li><li style=\"font-weight: 400;\" aria-level=\"1\"><span style=\"font-weight: 400;\">Mozilla Firefox: <\/span><a href=\"https:\/\/support.mozilla.org\/es\/kb\/habilitar-y-deshabilitar-cookies-sitios-web-rastrear-preferencias\"><span style=\"font-weight: 400;\">https:\/\/support.mozilla.org\/es\/kb\/habilitar-y-deshabilitar-cookies-sitios-web-rastrear-preferencias<\/span><\/a><\/li><li style=\"font-weight: 400;\" aria-level=\"1\"><span style=\"font-weight: 400;\">Safari: <\/span><a href=\"https:\/\/support.apple.com\/es-es\/guide\/safari\/sfri11471\/mac\"><span style=\"font-weight: 400;\">https:\/\/support.apple.com\/es-es\/guide\/safari\/sfri11471\/mac<\/span><\/a><\/li><li style=\"font-weight: 400;\" aria-level=\"1\">Internet Explorer: <a href=\"https:\/\/support.microsoft.com\/es-es\/topic\/c%C3%B3mo-eliminar-archivos-de-cookies-en-internet-explorer-bca9446f-d873-78de-77ba-d42645fa52fc\">https:\/\/support.microsoft.com\/es-es\/topic\/c\u00f3mo-eliminar-archivos-de-cookies-en-internet-explorer-bca9446f-d873-78de-77ba-d42645fa52fc<\/a><\/li><\/ul>\t\t\t\t\t\t\t\t<\/div>\n\t\t\t\t<\/div>\n\t\t\t\t\t<\/div>\n\t\t<\/div>\n\t\t\t\t\t<\/div>\n\t\t<\/section>\n\t\t\t\t<\/div>\n\t\t","protected":false},"excerpt":{"rendered":"<p>Pol\u00edtica de cookies En cumplimiento con el deber de informaci\u00f3n recogido en el apartado 2\u00ba del art\u00edculo 22 de la Ley 34\/2002, de 11 de Julio, de Servicios de la Sociedad de la Informaci\u00f3n y del Comercio Electr\u00f3nico, la presente pol\u00edtica de cookies tiene por finalidad informarle de manera clara y precisa sobre las cookies [&hellip;]<\/p>\n","protected":false},"author":1,"featured_media":0,"parent":0,"menu_order":0,"comment_status":"closed","ping_status":"closed","template":"elementor_header_footer","meta":{"footnotes":""},"class_list":["post-948","page","type-page","status-publish","hentry"],"yoast_head":"<!-- This site is optimized with the Yoast SEO plugin v27.5 - https:\/\/yoast.com\/product\/yoast-seo-wordpress\/ -->\n<title>Politica de Cookies - SUBIRACHS CONSTRUCCIONS<\/title>\n<meta name=\"robots\" content=\"index, follow, max-snippet:-1, max-image-preview:large, max-video-preview:-1\" \/>\n<link rel=\"canonical\" href=\"https:\/\/www.subirachs.es\/ca\/politica-de-cookies\/\" \/>\n<meta property=\"og:locale\" content=\"ca_ES\" \/>\n<meta property=\"og:type\" content=\"article\" \/>\n<meta property=\"og:title\" content=\"Politica de Cookies - SUBIRACHS CONSTRUCCIONS\" \/>\n<meta property=\"og:description\" content=\"Pol\u00edtica de cookies En cumplimiento con el deber de informaci\u00f3n recogido en el apartado 2\u00ba del art\u00edculo 22 de la Ley 34\/2002, de 11 de Julio, de Servicios de la Sociedad de la Informaci\u00f3n y del Comercio Electr\u00f3nico, la presente pol\u00edtica de cookies tiene por finalidad informarle de manera clara y precisa sobre las cookies [&hellip;]\" \/>\n<meta property=\"og:url\" content=\"https:\/\/www.subirachs.es\/ca\/politica-de-cookies\/\" \/>\n<meta property=\"og:site_name\" content=\"SUBIRACHS CONSTRUCCIONS\" \/>\n<meta property=\"article:publisher\" content=\"https:\/\/www.facebook.com\/subirachsconstruccions\" \/>\n<meta property=\"article:modified_time\" content=\"2021-03-16T09:28:36+00:00\" \/>\n<meta name=\"twitter:card\" content=\"summary_large_image\" \/>\n<meta name=\"twitter:label1\" content=\"Temps estimat de lectura\" \/>\n\t<meta name=\"twitter:data1\" content=\"3 minuts\" \/>\n<script type=\"application\/ld+json\" class=\"yoast-schema-graph\">{\"@context\":\"https:\\\/\\\/schema.org\",\"@graph\":[{\"@type\":\"WebPage\",\"@id\":\"https:\\\/\\\/www.subirachs.es\\\/politica-de-cookies\\\/\",\"url\":\"https:\\\/\\\/www.subirachs.es\\\/politica-de-cookies\\\/\",\"name\":\"Politica de Cookies - SUBIRACHS CONSTRUCCIONS\",\"isPartOf\":{\"@id\":\"https:\\\/\\\/www.subirachs.es\\\/#website\"},\"datePublished\":\"2021-03-15T14:35:08+00:00\",\"dateModified\":\"2021-03-16T09:28:36+00:00\",\"breadcrumb\":{\"@id\":\"https:\\\/\\\/www.subirachs.es\\\/politica-de-cookies\\\/#breadcrumb\"},\"inLanguage\":\"ca\",\"potentialAction\":[{\"@type\":\"ReadAction\",\"target\":[\"https:\\\/\\\/www.subirachs.es\\\/politica-de-cookies\\\/\"]}]},{\"@type\":\"BreadcrumbList\",\"@id\":\"https:\\\/\\\/www.subirachs.es\\\/politica-de-cookies\\\/#breadcrumb\",\"itemListElement\":[{\"@type\":\"ListItem\",\"position\":1,\"name\":\"Portada\",\"item\":\"https:\\\/\\\/www.subirachs.es\\\/\"},{\"@type\":\"ListItem\",\"position\":2,\"name\":\"Politica de Cookies\"}]},{\"@type\":\"WebSite\",\"@id\":\"https:\\\/\\\/www.subirachs.es\\\/#website\",\"url\":\"https:\\\/\\\/www.subirachs.es\\\/\",\"name\":\"subirachsconstruccions\",\"description\":\"\",\"publisher\":{\"@id\":\"https:\\\/\\\/www.subirachs.es\\\/#organization\"},\"potentialAction\":[{\"@type\":\"SearchAction\",\"target\":{\"@type\":\"EntryPoint\",\"urlTemplate\":\"https:\\\/\\\/www.subirachs.es\\\/?s={search_term_string}\"},\"query-input\":{\"@type\":\"PropertyValueSpecification\",\"valueRequired\":true,\"valueName\":\"search_term_string\"}}],\"inLanguage\":\"ca\"},{\"@type\":\"Organization\",\"@id\":\"https:\\\/\\\/www.subirachs.es\\\/#organization\",\"name\":\"subirachsconstruccions\",\"url\":\"https:\\\/\\\/www.subirachs.es\\\/\",\"logo\":{\"@type\":\"ImageObject\",\"inLanguage\":\"ca\",\"@id\":\"https:\\\/\\\/www.subirachs.es\\\/#\\\/schema\\\/logo\\\/image\\\/\",\"url\":\"https:\\\/\\\/www.subirachs.es\\\/wp-content\\\/uploads\\\/2020\\\/11\\\/LOGO-NOU-CONSTRUCCIO-2-e1666262050667.png\",\"contentUrl\":\"https:\\\/\\\/www.subirachs.es\\\/wp-content\\\/uploads\\\/2020\\\/11\\\/LOGO-NOU-CONSTRUCCIO-2-e1666262050667.png\",\"width\":92,\"height\":51,\"caption\":\"subirachsconstruccions\"},\"image\":{\"@id\":\"https:\\\/\\\/www.subirachs.es\\\/#\\\/schema\\\/logo\\\/image\\\/\"},\"sameAs\":[\"https:\\\/\\\/www.facebook.com\\\/subirachsconstruccions\",\"https:\\\/\\\/www.instagram.com\\\/subirachsconstruccions\\\/\"]}]}<\/script>\n<!-- \/ Yoast SEO plugin. -->","yoast_head_json":{"title":"Politica de Cookies - SUBIRACHS CONSTRUCCIONS","robots":{"index":"index","follow":"follow","max-snippet":"max-snippet:-1","max-image-preview":"max-image-preview:large","max-video-preview":"max-video-preview:-1"},"canonical":"https:\/\/www.subirachs.es\/ca\/politica-de-cookies\/","og_locale":"ca_ES","og_type":"article","og_title":"Politica de Cookies - SUBIRACHS CONSTRUCCIONS","og_description":"Pol\u00edtica de cookies En cumplimiento con el deber de informaci\u00f3n recogido en el apartado 2\u00ba del art\u00edculo 22 de la Ley 34\/2002, de 11 de Julio, de Servicios de la Sociedad de la Informaci\u00f3n y del Comercio Electr\u00f3nico, la presente pol\u00edtica de cookies tiene por finalidad informarle de manera clara y precisa sobre las cookies [&hellip;]","og_url":"https:\/\/www.subirachs.es\/ca\/politica-de-cookies\/","og_site_name":"SUBIRACHS CONSTRUCCIONS","article_publisher":"https:\/\/www.facebook.com\/subirachsconstruccions","article_modified_time":"2021-03-16T09:28:36+00:00","twitter_card":"summary_large_image","twitter_misc":{"Temps estimat de lectura":"3 minuts"},"schema":{"@context":"https:\/\/schema.org","@graph":[{"@type":"WebPage","@id":"https:\/\/www.subirachs.es\/politica-de-cookies\/","url":"https:\/\/www.subirachs.es\/politica-de-cookies\/","name":"Politica de Cookies - SUBIRACHS CONSTRUCCIONS","isPartOf":{"@id":"https:\/\/www.subirachs.es\/#website"},"datePublished":"2021-03-15T14:35:08+00:00","dateModified":"2021-03-16T09:28:36+00:00","breadcrumb":{"@id":"https:\/\/www.subirachs.es\/politica-de-cookies\/#breadcrumb"},"inLanguage":"ca","potentialAction":[{"@type":"ReadAction","target":["https:\/\/www.subirachs.es\/politica-de-cookies\/"]}]},{"@type":"BreadcrumbList","@id":"https:\/\/www.subirachs.es\/politica-de-cookies\/#breadcrumb","itemListElement":[{"@type":"ListItem","position":1,"name":"Portada","item":"https:\/\/www.subirachs.es\/"},{"@type":"ListItem","position":2,"name":"Politica de Cookies"}]},{"@type":"WebSite","@id":"https:\/\/www.subirachs.es\/#website","url":"https:\/\/www.subirachs.es\/","name":"subirachsconstruccions","description":"","publisher":{"@id":"https:\/\/www.subirachs.es\/#organization"},"potentialAction":[{"@type":"SearchAction","target":{"@type":"EntryPoint","urlTemplate":"https:\/\/www.subirachs.es\/?s={search_term_string}"},"query-input":{"@type":"PropertyValueSpecification","valueRequired":true,"valueName":"search_term_string"}}],"inLanguage":"ca"},{"@type":"Organization","@id":"https:\/\/www.subirachs.es\/#organization","name":"subirachsconstruccions","url":"https:\/\/www.subirachs.es\/","logo":{"@type":"ImageObject","inLanguage":"ca","@id":"https:\/\/www.subirachs.es\/#\/schema\/logo\/image\/","url":"https:\/\/www.subirachs.es\/wp-content\/uploads\/2020\/11\/LOGO-NOU-CONSTRUCCIO-2-e1666262050667.png","contentUrl":"https:\/\/www.subirachs.es\/wp-content\/uploads\/2020\/11\/LOGO-NOU-CONSTRUCCIO-2-e1666262050667.png","width":92,"height":51,"caption":"subirachsconstruccions"},"image":{"@id":"https:\/\/www.subirachs.es\/#\/schema\/logo\/image\/"},"sameAs":["https:\/\/www.facebook.com\/subirachsconstruccions","https:\/\/www.instagram.com\/subirachsconstruccions\/"]}]}},"_links":{"self":[{"href":"https:\/\/www.subirachs.es\/ca\/wp-json\/wp\/v2\/pages\/948","targetHints":{"allow":["GET"]}}],"collection":[{"href":"https:\/\/www.subirachs.es\/ca\/wp-json\/wp\/v2\/pages"}],"about":[{"href":"https:\/\/www.subirachs.es\/ca\/wp-json\/wp\/v2\/types\/page"}],"author":[{"embeddable":true,"href":"https:\/\/www.subirachs.es\/ca\/wp-json\/wp\/v2\/users\/1"}],"replies":[{"embeddable":true,"href":"https:\/\/www.subirachs.es\/ca\/wp-json\/wp\/v2\/comments?post=948"}],"version-history":[{"count":22,"href":"https:\/\/www.subirachs.es\/ca\/wp-json\/wp\/v2\/pages\/948\/revisions"}],"predecessor-version":[{"id":1044,"href":"https:\/\/www.subirachs.es\/ca\/wp-json\/wp\/v2\/pages\/948\/revisions\/1044"}],"wp:attachment":[{"href":"https:\/\/www.subirachs.es\/ca\/wp-json\/wp\/v2\/media?parent=948"}],"curies":[{"name":"wp","href":"https:\/\/api.w.org\/{rel}","templated":true}]}}