{"id":2916,"date":"2023-05-18T13:01:56","date_gmt":"2023-05-18T11:01:56","guid":{"rendered":"https:\/\/www.subirachs.es\/?page_id=2916"},"modified":"2023-05-30T12:30:40","modified_gmt":"2023-05-30T10:30:40","slug":"lamparaparra","status":"publish","type":"page","link":"https:\/\/www.subirachs.es\/ca\/lamparaparra\/","title":{"rendered":"L\u00c0MPADA PARRA"},"content":{"rendered":"<div data-elementor-type=\"wp-page\" data-elementor-id=\"2916\" class=\"elementor elementor-2916\" data-elementor-post-type=\"page\">\n\t\t\t\t\t\t<section class=\"elementor-section elementor-top-section elementor-element elementor-element-2ad33900 elementor-section-content-middle elementor-section-boxed elementor-section-height-default elementor-section-height-default\" data-id=\"2ad33900\" data-element_type=\"section\" data-e-type=\"section\" data-settings=\"{&quot;background_background&quot;:&quot;classic&quot;}\">\n\t\t\t\t\t\t<div class=\"elementor-container elementor-column-gap-no\">\n\t\t\t\t\t<div class=\"elementor-column elementor-col-50 elementor-top-column elementor-element elementor-element-70f41554\" data-id=\"70f41554\" data-element_type=\"column\" data-e-type=\"column\">\n\t\t\t<div class=\"elementor-widget-wrap elementor-element-populated\">\n\t\t\t\t\t\t<div class=\"elementor-element elementor-element-4e60f54e elementor-widget elementor-widget-image\" data-id=\"4e60f54e\" data-element_type=\"widget\" data-e-type=\"widget\" data-widget_type=\"image.default\">\n\t\t\t\t<div class=\"elementor-widget-container\">\n\t\t\t\t\t\t\t\t\t\t\t\t\t\t\t<img fetchpriority=\"high\" decoding=\"async\" width=\"768\" height=\"1024\" src=\"https:\/\/www.subirachs.es\/wp-content\/uploads\/2023\/05\/IMG_4576-768x1024.jpg\" class=\"attachment-medium_large size-medium_large wp-image-2917\" alt=\"\" srcset=\"https:\/\/www.subirachs.es\/wp-content\/uploads\/2023\/05\/IMG_4576-768x1024.jpg 768w, https:\/\/www.subirachs.es\/wp-content\/uploads\/2023\/05\/IMG_4576-225x300.jpg 225w, https:\/\/www.subirachs.es\/wp-content\/uploads\/2023\/05\/IMG_4576-1152x1536.jpg 1152w, https:\/\/www.subirachs.es\/wp-content\/uploads\/2023\/05\/IMG_4576-1536x2048.jpg 1536w, https:\/\/www.subirachs.es\/wp-content\/uploads\/2023\/05\/IMG_4576-9x12.jpg 9w, https:\/\/www.subirachs.es\/wp-content\/uploads\/2023\/05\/IMG_4576-scaled.jpg 1920w\" sizes=\"(max-width: 768px) 100vw, 768px\" \/>\t\t\t\t\t\t\t\t\t\t\t\t\t\t\t<\/div>\n\t\t\t\t<\/div>\n\t\t\t\t\t<\/div>\n\t\t<\/div>\n\t\t\t\t<div class=\"elementor-column elementor-col-50 elementor-top-column elementor-element elementor-element-599b26b9\" data-id=\"599b26b9\" data-element_type=\"column\" data-e-type=\"column\">\n\t\t\t<div class=\"elementor-widget-wrap elementor-element-populated\">\n\t\t\t\t\t\t<div class=\"elementor-element elementor-element-5d52534 elementor-widget elementor-widget-heading\" data-id=\"5d52534\" data-element_type=\"widget\" data-e-type=\"widget\" data-widget_type=\"heading.default\">\n\t\t\t\t<div class=\"elementor-widget-container\">\n\t\t\t\t\t<h4 class=\"elementor-heading-title elementor-size-default\"><b>L\u00c0MPADA PARRA<\/b><\/h4>\t\t\t\t<\/div>\n\t\t\t\t<\/div>\n\t\t\t\t<div class=\"elementor-element elementor-element-7687c62a elementor-widget__width-initial elementor-widget elementor-widget-text-editor\" data-id=\"7687c62a\" data-element_type=\"widget\" data-e-type=\"widget\" data-widget_type=\"text-editor.default\">\n\t\t\t\t<div class=\"elementor-widget-container\">\n\t\t\t\t\t\t\t\t\t<p><u>L\u00e0mpada de nova creaci\u00f3<\/u><i> <b>(VENUDA)<\/b><\/i><\/p><p>La l\u00e0mpada feta a m\u00e0 amb disseny original i creatiu, elaborada amb parra, \u00e9s una veritable joia artesanal. Cada detall d'aquest llum ha estat creat a m\u00e0 acuradament, resultant en una pe\u00e7a \u00fanica i distintiva. El material principal, la parra, li atorga un aspecte natural i org\u00e0nic, brindant una sensaci\u00f3 de calidesa i de serenitat a l'ambient. El seu disseny original i creatiu afegeix un toc de sofisticaci\u00f3 i estil a qualsevol menjador ampli i, alhora, aconsegueix crear una atmosfera acollidora. La llum suau i difusa que emana de la l\u00e0mpada de parra contribueix a crear un ambient \u00edntim i relaxat, perfecte per gaudir de sopars memorables en companyia de familiars i amics. Aquesta l\u00e0mpada feta a m\u00e0 \u00e9s una pe\u00e7a d'art funcional que segurament esdevindr\u00e0 el centre d'atenci\u00f3 i una veritable declaraci\u00f3 d'estil a qualsevol espai.<\/p>\t\t\t\t\t\t\t\t<\/div>\n\t\t\t\t<\/div>\n\t\t\t\t\t<\/div>\n\t\t<\/div>\n\t\t\t\t\t<\/div>\n\t\t<\/section>\n\t\t\t\t<\/div>","protected":false},"excerpt":{"rendered":"<p>L\u00c1MPARA PARRA L\u00e1mpara de nueva creaci\u00f3n (VENDIDA) La l\u00e1mpara hecha a mano con dise\u00f1o original y creativo, elaborada con parra, es una verdadera joya artesanal. Cada detalle de esta l\u00e1mpara ha sido cuidadosamente creado a mano, resultando en una pieza \u00fanica y distintiva. El material principal, la parra, le otorga un aspecto natural y org\u00e1nico, [&hellip;]<\/p>\n","protected":false},"author":4,"featured_media":0,"parent":0,"menu_order":0,"comment_status":"closed","ping_status":"closed","template":"","meta":{"footnotes":""},"class_list":["post-2916","page","type-page","status-publish","hentry"],"yoast_head":"<!-- This site is optimized with the Yoast SEO plugin v27.4 - https:\/\/yoast.com\/product\/yoast-seo-wordpress\/ -->\n<title>L\u00c1MPARA PARRA - SUBIRACHS CONSTRUCCIONS<\/title>\n<meta name=\"robots\" content=\"index, follow, max-snippet:-1, max-image-preview:large, max-video-preview:-1\" \/>\n<link rel=\"canonical\" href=\"https:\/\/www.subirachs.es\/ca\/lamparaparra\/\" \/>\n<meta property=\"og:locale\" content=\"ca_ES\" \/>\n<meta property=\"og:type\" content=\"article\" \/>\n<meta property=\"og:title\" content=\"L\u00c1MPARA PARRA - SUBIRACHS CONSTRUCCIONS\" \/>\n<meta property=\"og:description\" content=\"L\u00c1MPARA PARRA L\u00e1mpara de nueva creaci\u00f3n (VENDIDA) La l\u00e1mpara hecha a mano con dise\u00f1o original y creativo, elaborada con parra, es una verdadera joya artesanal. Cada detalle de esta l\u00e1mpara ha sido cuidadosamente creado a mano, resultando en una pieza \u00fanica y distintiva. El material principal, la parra, le otorga un aspecto natural y org\u00e1nico, [&hellip;]\" \/>\n<meta property=\"og:url\" content=\"https:\/\/www.subirachs.es\/ca\/lamparaparra\/\" \/>\n<meta property=\"og:site_name\" content=\"SUBIRACHS CONSTRUCCIONS\" \/>\n<meta property=\"article:publisher\" content=\"https:\/\/www.facebook.com\/subirachsconstruccions\" \/>\n<meta property=\"article:modified_time\" content=\"2023-05-30T10:30:40+00:00\" \/>\n<meta property=\"og:image\" content=\"https:\/\/www.subirachs.es\/wp-content\/uploads\/2023\/05\/IMG_4576-768x1024.jpg\" \/>\n<meta name=\"twitter:card\" content=\"summary_large_image\" \/>\n<meta name=\"twitter:label1\" content=\"Temps estimat de lectura\" \/>\n\t<meta name=\"twitter:data1\" content=\"1 minut\" \/>\n<script type=\"application\/ld+json\" class=\"yoast-schema-graph\">{\"@context\":\"https:\\\/\\\/schema.org\",\"@graph\":[{\"@type\":\"WebPage\",\"@id\":\"https:\\\/\\\/www.subirachs.es\\\/lamparaparra\\\/\",\"url\":\"https:\\\/\\\/www.subirachs.es\\\/lamparaparra\\\/\",\"name\":\"L\u00c1MPARA PARRA - SUBIRACHS CONSTRUCCIONS\",\"isPartOf\":{\"@id\":\"https:\\\/\\\/www.subirachs.es\\\/#website\"},\"primaryImageOfPage\":{\"@id\":\"https:\\\/\\\/www.subirachs.es\\\/lamparaparra\\\/#primaryimage\"},\"image\":{\"@id\":\"https:\\\/\\\/www.subirachs.es\\\/lamparaparra\\\/#primaryimage\"},\"thumbnailUrl\":\"https:\\\/\\\/www.subirachs.es\\\/wp-content\\\/uploads\\\/2023\\\/05\\\/IMG_4576-768x1024.jpg\",\"datePublished\":\"2023-05-18T11:01:56+00:00\",\"dateModified\":\"2023-05-30T10:30:40+00:00\",\"breadcrumb\":{\"@id\":\"https:\\\/\\\/www.subirachs.es\\\/lamparaparra\\\/#breadcrumb\"},\"inLanguage\":\"ca\",\"potentialAction\":[{\"@type\":\"ReadAction\",\"target\":[\"https:\\\/\\\/www.subirachs.es\\\/lamparaparra\\\/\"]}]},{\"@type\":\"ImageObject\",\"inLanguage\":\"ca\",\"@id\":\"https:\\\/\\\/www.subirachs.es\\\/lamparaparra\\\/#primaryimage\",\"url\":\"https:\\\/\\\/www.subirachs.es\\\/wp-content\\\/uploads\\\/2023\\\/05\\\/IMG_4576-768x1024.jpg\",\"contentUrl\":\"https:\\\/\\\/www.subirachs.es\\\/wp-content\\\/uploads\\\/2023\\\/05\\\/IMG_4576-768x1024.jpg\"},{\"@type\":\"BreadcrumbList\",\"@id\":\"https:\\\/\\\/www.subirachs.es\\\/lamparaparra\\\/#breadcrumb\",\"itemListElement\":[{\"@type\":\"ListItem\",\"position\":1,\"name\":\"Portada\",\"item\":\"https:\\\/\\\/www.subirachs.es\\\/\"},{\"@type\":\"ListItem\",\"position\":2,\"name\":\"L\u00c1MPARA PARRA\"}]},{\"@type\":\"WebSite\",\"@id\":\"https:\\\/\\\/www.subirachs.es\\\/#website\",\"url\":\"https:\\\/\\\/www.subirachs.es\\\/\",\"name\":\"subirachsconstruccions\",\"description\":\"\",\"publisher\":{\"@id\":\"https:\\\/\\\/www.subirachs.es\\\/#organization\"},\"potentialAction\":[{\"@type\":\"SearchAction\",\"target\":{\"@type\":\"EntryPoint\",\"urlTemplate\":\"https:\\\/\\\/www.subirachs.es\\\/?s={search_term_string}\"},\"query-input\":{\"@type\":\"PropertyValueSpecification\",\"valueRequired\":true,\"valueName\":\"search_term_string\"}}],\"inLanguage\":\"ca\"},{\"@type\":\"Organization\",\"@id\":\"https:\\\/\\\/www.subirachs.es\\\/#organization\",\"name\":\"subirachsconstruccions\",\"url\":\"https:\\\/\\\/www.subirachs.es\\\/\",\"logo\":{\"@type\":\"ImageObject\",\"inLanguage\":\"ca\",\"@id\":\"https:\\\/\\\/www.subirachs.es\\\/#\\\/schema\\\/logo\\\/image\\\/\",\"url\":\"https:\\\/\\\/www.subirachs.es\\\/wp-content\\\/uploads\\\/2020\\\/11\\\/LOGO-NOU-CONSTRUCCIO-2-e1666262050667.png\",\"contentUrl\":\"https:\\\/\\\/www.subirachs.es\\\/wp-content\\\/uploads\\\/2020\\\/11\\\/LOGO-NOU-CONSTRUCCIO-2-e1666262050667.png\",\"width\":92,\"height\":51,\"caption\":\"subirachsconstruccions\"},\"image\":{\"@id\":\"https:\\\/\\\/www.subirachs.es\\\/#\\\/schema\\\/logo\\\/image\\\/\"},\"sameAs\":[\"https:\\\/\\\/www.facebook.com\\\/subirachsconstruccions\",\"https:\\\/\\\/www.instagram.com\\\/subirachsconstruccions\\\/\"]}]}<\/script>\n<!-- \/ Yoast SEO plugin. -->","yoast_head_json":{"title":"L\u00c1MPARA PARRA - SUBIRACHS CONSTRUCCIONS","robots":{"index":"index","follow":"follow","max-snippet":"max-snippet:-1","max-image-preview":"max-image-preview:large","max-video-preview":"max-video-preview:-1"},"canonical":"https:\/\/www.subirachs.es\/ca\/lamparaparra\/","og_locale":"ca_ES","og_type":"article","og_title":"L\u00c1MPARA PARRA - SUBIRACHS CONSTRUCCIONS","og_description":"L\u00c1MPARA PARRA L\u00e1mpara de nueva creaci\u00f3n (VENDIDA) La l\u00e1mpara hecha a mano con dise\u00f1o original y creativo, elaborada con parra, es una verdadera joya artesanal. Cada detalle de esta l\u00e1mpara ha sido cuidadosamente creado a mano, resultando en una pieza \u00fanica y distintiva. El material principal, la parra, le otorga un aspecto natural y org\u00e1nico, [&hellip;]","og_url":"https:\/\/www.subirachs.es\/ca\/lamparaparra\/","og_site_name":"SUBIRACHS CONSTRUCCIONS","article_publisher":"https:\/\/www.facebook.com\/subirachsconstruccions","article_modified_time":"2023-05-30T10:30:40+00:00","og_image":[{"url":"https:\/\/www.subirachs.es\/wp-content\/uploads\/2023\/05\/IMG_4576-768x1024.jpg","type":"","width":"","height":""}],"twitter_card":"summary_large_image","twitter_misc":{"Temps estimat de lectura":"1 minut"},"schema":{"@context":"https:\/\/schema.org","@graph":[{"@type":"WebPage","@id":"https:\/\/www.subirachs.es\/lamparaparra\/","url":"https:\/\/www.subirachs.es\/lamparaparra\/","name":"L\u00c1MPARA PARRA - SUBIRACHS CONSTRUCCIONS","isPartOf":{"@id":"https:\/\/www.subirachs.es\/#website"},"primaryImageOfPage":{"@id":"https:\/\/www.subirachs.es\/lamparaparra\/#primaryimage"},"image":{"@id":"https:\/\/www.subirachs.es\/lamparaparra\/#primaryimage"},"thumbnailUrl":"https:\/\/www.subirachs.es\/wp-content\/uploads\/2023\/05\/IMG_4576-768x1024.jpg","datePublished":"2023-05-18T11:01:56+00:00","dateModified":"2023-05-30T10:30:40+00:00","breadcrumb":{"@id":"https:\/\/www.subirachs.es\/lamparaparra\/#breadcrumb"},"inLanguage":"ca","potentialAction":[{"@type":"ReadAction","target":["https:\/\/www.subirachs.es\/lamparaparra\/"]}]},{"@type":"ImageObject","inLanguage":"ca","@id":"https:\/\/www.subirachs.es\/lamparaparra\/#primaryimage","url":"https:\/\/www.subirachs.es\/wp-content\/uploads\/2023\/05\/IMG_4576-768x1024.jpg","contentUrl":"https:\/\/www.subirachs.es\/wp-content\/uploads\/2023\/05\/IMG_4576-768x1024.jpg"},{"@type":"BreadcrumbList","@id":"https:\/\/www.subirachs.es\/lamparaparra\/#breadcrumb","itemListElement":[{"@type":"ListItem","position":1,"name":"Portada","item":"https:\/\/www.subirachs.es\/"},{"@type":"ListItem","position":2,"name":"L\u00c1MPARA PARRA"}]},{"@type":"WebSite","@id":"https:\/\/www.subirachs.es\/#website","url":"https:\/\/www.subirachs.es\/","name":"subirachsconstruccions","description":"","publisher":{"@id":"https:\/\/www.subirachs.es\/#organization"},"potentialAction":[{"@type":"SearchAction","target":{"@type":"EntryPoint","urlTemplate":"https:\/\/www.subirachs.es\/?s={search_term_string}"},"query-input":{"@type":"PropertyValueSpecification","valueRequired":true,"valueName":"search_term_string"}}],"inLanguage":"ca"},{"@type":"Organization","@id":"https:\/\/www.subirachs.es\/#organization","name":"subirachsconstruccions","url":"https:\/\/www.subirachs.es\/","logo":{"@type":"ImageObject","inLanguage":"ca","@id":"https:\/\/www.subirachs.es\/#\/schema\/logo\/image\/","url":"https:\/\/www.subirachs.es\/wp-content\/uploads\/2020\/11\/LOGO-NOU-CONSTRUCCIO-2-e1666262050667.png","contentUrl":"https:\/\/www.subirachs.es\/wp-content\/uploads\/2020\/11\/LOGO-NOU-CONSTRUCCIO-2-e1666262050667.png","width":92,"height":51,"caption":"subirachsconstruccions"},"image":{"@id":"https:\/\/www.subirachs.es\/#\/schema\/logo\/image\/"},"sameAs":["https:\/\/www.facebook.com\/subirachsconstruccions","https:\/\/www.instagram.com\/subirachsconstruccions\/"]}]}},"_links":{"self":[{"href":"https:\/\/www.subirachs.es\/ca\/wp-json\/wp\/v2\/pages\/2916","targetHints":{"allow":["GET"]}}],"collection":[{"href":"https:\/\/www.subirachs.es\/ca\/wp-json\/wp\/v2\/pages"}],"about":[{"href":"https:\/\/www.subirachs.es\/ca\/wp-json\/wp\/v2\/types\/page"}],"author":[{"embeddable":true,"href":"https:\/\/www.subirachs.es\/ca\/wp-json\/wp\/v2\/users\/4"}],"replies":[{"embeddable":true,"href":"https:\/\/www.subirachs.es\/ca\/wp-json\/wp\/v2\/comments?post=2916"}],"version-history":[{"count":10,"href":"https:\/\/www.subirachs.es\/ca\/wp-json\/wp\/v2\/pages\/2916\/revisions"}],"predecessor-version":[{"id":2998,"href":"https:\/\/www.subirachs.es\/ca\/wp-json\/wp\/v2\/pages\/2916\/revisions\/2998"}],"wp:attachment":[{"href":"https:\/\/www.subirachs.es\/ca\/wp-json\/wp\/v2\/media?parent=2916"}],"curies":[{"name":"wp","href":"https:\/\/api.w.org\/{rel}","templated":true}]}}