{"id":2861,"date":"2023-05-18T11:37:23","date_gmt":"2023-05-18T09:37:23","guid":{"rendered":"https:\/\/www.subirachs.es\/?page_id=2861"},"modified":"2023-05-18T13:12:11","modified_gmt":"2023-05-18T11:12:11","slug":"mesaencanto","status":"publish","type":"page","link":"https:\/\/www.subirachs.es\/ca\/mesaencanto\/","title":{"rendered":"TAULA ENCANT"},"content":{"rendered":"<div data-elementor-type=\"wp-page\" data-elementor-id=\"2861\" class=\"elementor elementor-2861\" data-elementor-post-type=\"page\">\n\t\t\t\t\t\t<section class=\"elementor-section elementor-top-section elementor-element elementor-element-2ad33900 elementor-section-content-middle elementor-section-boxed elementor-section-height-default elementor-section-height-default\" data-id=\"2ad33900\" data-element_type=\"section\" data-e-type=\"section\" data-settings=\"{&quot;background_background&quot;:&quot;classic&quot;}\">\n\t\t\t\t\t\t<div class=\"elementor-container elementor-column-gap-no\">\n\t\t\t\t\t<div class=\"elementor-column elementor-col-50 elementor-top-column elementor-element elementor-element-70f41554\" data-id=\"70f41554\" data-element_type=\"column\" data-e-type=\"column\">\n\t\t\t<div class=\"elementor-widget-wrap elementor-element-populated\">\n\t\t\t\t\t\t<div class=\"elementor-element elementor-element-4e60f54e elementor-widget elementor-widget-image\" data-id=\"4e60f54e\" data-element_type=\"widget\" data-e-type=\"widget\" data-widget_type=\"image.default\">\n\t\t\t\t<div class=\"elementor-widget-container\">\n\t\t\t\t\t\t\t\t\t\t\t\t\t\t\t<img fetchpriority=\"high\" decoding=\"async\" width=\"1207\" height=\"911\" src=\"https:\/\/www.subirachs.es\/wp-content\/uploads\/2023\/05\/720F644A-E790-4EA6-9046-2DC5310688B8.jpg\" class=\"attachment-full size-full wp-image-2905\" alt=\"\" srcset=\"https:\/\/www.subirachs.es\/wp-content\/uploads\/2023\/05\/720F644A-E790-4EA6-9046-2DC5310688B8.jpg 1207w, https:\/\/www.subirachs.es\/wp-content\/uploads\/2023\/05\/720F644A-E790-4EA6-9046-2DC5310688B8-300x226.jpg 300w, https:\/\/www.subirachs.es\/wp-content\/uploads\/2023\/05\/720F644A-E790-4EA6-9046-2DC5310688B8-1024x773.jpg 1024w, https:\/\/www.subirachs.es\/wp-content\/uploads\/2023\/05\/720F644A-E790-4EA6-9046-2DC5310688B8-768x580.jpg 768w, https:\/\/www.subirachs.es\/wp-content\/uploads\/2023\/05\/720F644A-E790-4EA6-9046-2DC5310688B8-16x12.jpg 16w\" sizes=\"(max-width: 1207px) 100vw, 1207px\" \/>\t\t\t\t\t\t\t\t\t\t\t\t\t\t\t<\/div>\n\t\t\t\t<\/div>\n\t\t\t\t\t<\/div>\n\t\t<\/div>\n\t\t\t\t<div class=\"elementor-column elementor-col-50 elementor-top-column elementor-element elementor-element-599b26b9\" data-id=\"599b26b9\" data-element_type=\"column\" data-e-type=\"column\">\n\t\t\t<div class=\"elementor-widget-wrap elementor-element-populated\">\n\t\t\t\t\t\t<div class=\"elementor-element elementor-element-5d52534 elementor-widget elementor-widget-heading\" data-id=\"5d52534\" data-element_type=\"widget\" data-e-type=\"widget\" data-widget_type=\"heading.default\">\n\t\t\t\t<div class=\"elementor-widget-container\">\n\t\t\t\t\t<h4 class=\"elementor-heading-title elementor-size-default\"><b>TAULA ENCANT<\/b><\/h4>\t\t\t\t<\/div>\n\t\t\t\t<\/div>\n\t\t\t\t<div class=\"elementor-element elementor-element-7687c62a elementor-widget__width-initial elementor-widget elementor-widget-text-editor\" data-id=\"7687c62a\" data-element_type=\"widget\" data-e-type=\"widget\" data-widget_type=\"text-editor.default\">\n\t\t\t\t<div class=\"elementor-widget-container\">\n\t\t\t\t\t\t\t\t\t<p><u>Taula de nova creaci\u00f3<\/u><i> <b>(VENUDA)<\/b><\/i><\/p>\n<p>La taula feta a m\u00e0 per a exteriors, dissenyada especialment per a menjars en fam\u00edlia, combina la bellesa de la fusta i la resist\u00e8ncia del ferro. Cada detall d'aquesta taula ha estat elaborat amb cura, garantint una qualitat excepcional i un acabat artesanal. La superf\u00edcie de la taula, fabricada amb fusta d'alta qualitat, proporciona un aspecte c\u00e0lid i natural, alhora que ofereix durabilitat per resistir les condicions externes. El s\u00f2lid marc de ferro, tamb\u00e9 elaborat a m\u00e0, ofereix estabilitat i resist\u00e8ncia, assegurant la longevitat de la taula. Amb un disseny funcional i espai\u00f3s, aquesta taula \u00e9s perfecta per a reunions familiars a l'aire lliure, creant un ambient acollidor i convival per compartir menjars i moments especials al jard\u00ed o terrassa.<\/p>\t\t\t\t\t\t\t\t<\/div>\n\t\t\t\t<\/div>\n\t\t\t\t\t<\/div>\n\t\t<\/div>\n\t\t\t\t\t<\/div>\n\t\t<\/section>\n\t\t\t\t<\/div>","protected":false},"excerpt":{"rendered":"<p>MESA ENCANTO Mesa de nueva creaci\u00f3n (VENDIDA) La mesa hecha a mano para exteriores, dise\u00f1ada especialmente para comidas en familia, combina la belleza de la madera y la resistencia del hierro. Cada detalle de esta mesa ha sido cuidadosamente elaborado a mano, garantizando una calidad excepcional y un acabado artesanal. La superficie de la mesa, [&hellip;]<\/p>\n","protected":false},"author":4,"featured_media":0,"parent":0,"menu_order":0,"comment_status":"closed","ping_status":"closed","template":"","meta":{"footnotes":""},"class_list":["post-2861","page","type-page","status-publish","hentry"],"yoast_head":"<!-- This site is optimized with the Yoast SEO plugin v27.4 - https:\/\/yoast.com\/product\/yoast-seo-wordpress\/ -->\n<title>MESA ENCANTO - SUBIRACHS CONSTRUCCIONS<\/title>\n<meta name=\"robots\" content=\"index, follow, max-snippet:-1, max-image-preview:large, max-video-preview:-1\" \/>\n<link rel=\"canonical\" href=\"https:\/\/www.subirachs.es\/ca\/mesaencanto\/\" \/>\n<meta property=\"og:locale\" content=\"ca_ES\" \/>\n<meta property=\"og:type\" content=\"article\" \/>\n<meta property=\"og:title\" content=\"MESA ENCANTO - SUBIRACHS CONSTRUCCIONS\" \/>\n<meta property=\"og:description\" content=\"MESA ENCANTO Mesa de nueva creaci\u00f3n (VENDIDA) La mesa hecha a mano para exteriores, dise\u00f1ada especialmente para comidas en familia, combina la belleza de la madera y la resistencia del hierro. Cada detalle de esta mesa ha sido cuidadosamente elaborado a mano, garantizando una calidad excepcional y un acabado artesanal. La superficie de la mesa, [&hellip;]\" \/>\n<meta property=\"og:url\" content=\"https:\/\/www.subirachs.es\/ca\/mesaencanto\/\" \/>\n<meta property=\"og:site_name\" content=\"SUBIRACHS CONSTRUCCIONS\" \/>\n<meta property=\"article:publisher\" content=\"https:\/\/www.facebook.com\/subirachsconstruccions\" \/>\n<meta property=\"article:modified_time\" content=\"2023-05-18T11:12:11+00:00\" \/>\n<meta property=\"og:image\" content=\"https:\/\/www.subirachs.es\/wp-content\/uploads\/2023\/05\/720F644A-E790-4EA6-9046-2DC5310688B8.jpg\" \/>\n<meta name=\"twitter:card\" content=\"summary_large_image\" \/>\n<meta name=\"twitter:label1\" content=\"Temps estimat de lectura\" \/>\n\t<meta name=\"twitter:data1\" content=\"1 minut\" \/>\n<script type=\"application\/ld+json\" class=\"yoast-schema-graph\">{\"@context\":\"https:\\\/\\\/schema.org\",\"@graph\":[{\"@type\":\"WebPage\",\"@id\":\"https:\\\/\\\/www.subirachs.es\\\/mesaencanto\\\/\",\"url\":\"https:\\\/\\\/www.subirachs.es\\\/mesaencanto\\\/\",\"name\":\"MESA ENCANTO - SUBIRACHS CONSTRUCCIONS\",\"isPartOf\":{\"@id\":\"https:\\\/\\\/www.subirachs.es\\\/#website\"},\"primaryImageOfPage\":{\"@id\":\"https:\\\/\\\/www.subirachs.es\\\/mesaencanto\\\/#primaryimage\"},\"image\":{\"@id\":\"https:\\\/\\\/www.subirachs.es\\\/mesaencanto\\\/#primaryimage\"},\"thumbnailUrl\":\"https:\\\/\\\/www.subirachs.es\\\/wp-content\\\/uploads\\\/2023\\\/05\\\/720F644A-E790-4EA6-9046-2DC5310688B8.jpg\",\"datePublished\":\"2023-05-18T09:37:23+00:00\",\"dateModified\":\"2023-05-18T11:12:11+00:00\",\"breadcrumb\":{\"@id\":\"https:\\\/\\\/www.subirachs.es\\\/mesaencanto\\\/#breadcrumb\"},\"inLanguage\":\"ca\",\"potentialAction\":[{\"@type\":\"ReadAction\",\"target\":[\"https:\\\/\\\/www.subirachs.es\\\/mesaencanto\\\/\"]}]},{\"@type\":\"ImageObject\",\"inLanguage\":\"ca\",\"@id\":\"https:\\\/\\\/www.subirachs.es\\\/mesaencanto\\\/#primaryimage\",\"url\":\"https:\\\/\\\/www.subirachs.es\\\/wp-content\\\/uploads\\\/2023\\\/05\\\/720F644A-E790-4EA6-9046-2DC5310688B8.jpg\",\"contentUrl\":\"https:\\\/\\\/www.subirachs.es\\\/wp-content\\\/uploads\\\/2023\\\/05\\\/720F644A-E790-4EA6-9046-2DC5310688B8.jpg\"},{\"@type\":\"BreadcrumbList\",\"@id\":\"https:\\\/\\\/www.subirachs.es\\\/mesaencanto\\\/#breadcrumb\",\"itemListElement\":[{\"@type\":\"ListItem\",\"position\":1,\"name\":\"Portada\",\"item\":\"https:\\\/\\\/www.subirachs.es\\\/\"},{\"@type\":\"ListItem\",\"position\":2,\"name\":\"MESA ENCANTO\"}]},{\"@type\":\"WebSite\",\"@id\":\"https:\\\/\\\/www.subirachs.es\\\/#website\",\"url\":\"https:\\\/\\\/www.subirachs.es\\\/\",\"name\":\"subirachsconstruccions\",\"description\":\"\",\"publisher\":{\"@id\":\"https:\\\/\\\/www.subirachs.es\\\/#organization\"},\"potentialAction\":[{\"@type\":\"SearchAction\",\"target\":{\"@type\":\"EntryPoint\",\"urlTemplate\":\"https:\\\/\\\/www.subirachs.es\\\/?s={search_term_string}\"},\"query-input\":{\"@type\":\"PropertyValueSpecification\",\"valueRequired\":true,\"valueName\":\"search_term_string\"}}],\"inLanguage\":\"ca\"},{\"@type\":\"Organization\",\"@id\":\"https:\\\/\\\/www.subirachs.es\\\/#organization\",\"name\":\"subirachsconstruccions\",\"url\":\"https:\\\/\\\/www.subirachs.es\\\/\",\"logo\":{\"@type\":\"ImageObject\",\"inLanguage\":\"ca\",\"@id\":\"https:\\\/\\\/www.subirachs.es\\\/#\\\/schema\\\/logo\\\/image\\\/\",\"url\":\"https:\\\/\\\/www.subirachs.es\\\/wp-content\\\/uploads\\\/2020\\\/11\\\/LOGO-NOU-CONSTRUCCIO-2-e1666262050667.png\",\"contentUrl\":\"https:\\\/\\\/www.subirachs.es\\\/wp-content\\\/uploads\\\/2020\\\/11\\\/LOGO-NOU-CONSTRUCCIO-2-e1666262050667.png\",\"width\":92,\"height\":51,\"caption\":\"subirachsconstruccions\"},\"image\":{\"@id\":\"https:\\\/\\\/www.subirachs.es\\\/#\\\/schema\\\/logo\\\/image\\\/\"},\"sameAs\":[\"https:\\\/\\\/www.facebook.com\\\/subirachsconstruccions\",\"https:\\\/\\\/www.instagram.com\\\/subirachsconstruccions\\\/\"]}]}<\/script>\n<!-- \/ Yoast SEO plugin. -->","yoast_head_json":{"title":"MESA ENCANTO - SUBIRACHS CONSTRUCCIONS","robots":{"index":"index","follow":"follow","max-snippet":"max-snippet:-1","max-image-preview":"max-image-preview:large","max-video-preview":"max-video-preview:-1"},"canonical":"https:\/\/www.subirachs.es\/ca\/mesaencanto\/","og_locale":"ca_ES","og_type":"article","og_title":"MESA ENCANTO - SUBIRACHS CONSTRUCCIONS","og_description":"MESA ENCANTO Mesa de nueva creaci\u00f3n (VENDIDA) La mesa hecha a mano para exteriores, dise\u00f1ada especialmente para comidas en familia, combina la belleza de la madera y la resistencia del hierro. Cada detalle de esta mesa ha sido cuidadosamente elaborado a mano, garantizando una calidad excepcional y un acabado artesanal. La superficie de la mesa, [&hellip;]","og_url":"https:\/\/www.subirachs.es\/ca\/mesaencanto\/","og_site_name":"SUBIRACHS CONSTRUCCIONS","article_publisher":"https:\/\/www.facebook.com\/subirachsconstruccions","article_modified_time":"2023-05-18T11:12:11+00:00","og_image":[{"url":"https:\/\/www.subirachs.es\/wp-content\/uploads\/2023\/05\/720F644A-E790-4EA6-9046-2DC5310688B8.jpg","type":"","width":"","height":""}],"twitter_card":"summary_large_image","twitter_misc":{"Temps estimat de lectura":"1 minut"},"schema":{"@context":"https:\/\/schema.org","@graph":[{"@type":"WebPage","@id":"https:\/\/www.subirachs.es\/mesaencanto\/","url":"https:\/\/www.subirachs.es\/mesaencanto\/","name":"MESA ENCANTO - SUBIRACHS CONSTRUCCIONS","isPartOf":{"@id":"https:\/\/www.subirachs.es\/#website"},"primaryImageOfPage":{"@id":"https:\/\/www.subirachs.es\/mesaencanto\/#primaryimage"},"image":{"@id":"https:\/\/www.subirachs.es\/mesaencanto\/#primaryimage"},"thumbnailUrl":"https:\/\/www.subirachs.es\/wp-content\/uploads\/2023\/05\/720F644A-E790-4EA6-9046-2DC5310688B8.jpg","datePublished":"2023-05-18T09:37:23+00:00","dateModified":"2023-05-18T11:12:11+00:00","breadcrumb":{"@id":"https:\/\/www.subirachs.es\/mesaencanto\/#breadcrumb"},"inLanguage":"ca","potentialAction":[{"@type":"ReadAction","target":["https:\/\/www.subirachs.es\/mesaencanto\/"]}]},{"@type":"ImageObject","inLanguage":"ca","@id":"https:\/\/www.subirachs.es\/mesaencanto\/#primaryimage","url":"https:\/\/www.subirachs.es\/wp-content\/uploads\/2023\/05\/720F644A-E790-4EA6-9046-2DC5310688B8.jpg","contentUrl":"https:\/\/www.subirachs.es\/wp-content\/uploads\/2023\/05\/720F644A-E790-4EA6-9046-2DC5310688B8.jpg"},{"@type":"BreadcrumbList","@id":"https:\/\/www.subirachs.es\/mesaencanto\/#breadcrumb","itemListElement":[{"@type":"ListItem","position":1,"name":"Portada","item":"https:\/\/www.subirachs.es\/"},{"@type":"ListItem","position":2,"name":"MESA ENCANTO"}]},{"@type":"WebSite","@id":"https:\/\/www.subirachs.es\/#website","url":"https:\/\/www.subirachs.es\/","name":"subirachsconstruccions","description":"","publisher":{"@id":"https:\/\/www.subirachs.es\/#organization"},"potentialAction":[{"@type":"SearchAction","target":{"@type":"EntryPoint","urlTemplate":"https:\/\/www.subirachs.es\/?s={search_term_string}"},"query-input":{"@type":"PropertyValueSpecification","valueRequired":true,"valueName":"search_term_string"}}],"inLanguage":"ca"},{"@type":"Organization","@id":"https:\/\/www.subirachs.es\/#organization","name":"subirachsconstruccions","url":"https:\/\/www.subirachs.es\/","logo":{"@type":"ImageObject","inLanguage":"ca","@id":"https:\/\/www.subirachs.es\/#\/schema\/logo\/image\/","url":"https:\/\/www.subirachs.es\/wp-content\/uploads\/2020\/11\/LOGO-NOU-CONSTRUCCIO-2-e1666262050667.png","contentUrl":"https:\/\/www.subirachs.es\/wp-content\/uploads\/2020\/11\/LOGO-NOU-CONSTRUCCIO-2-e1666262050667.png","width":92,"height":51,"caption":"subirachsconstruccions"},"image":{"@id":"https:\/\/www.subirachs.es\/#\/schema\/logo\/image\/"},"sameAs":["https:\/\/www.facebook.com\/subirachsconstruccions","https:\/\/www.instagram.com\/subirachsconstruccions\/"]}]}},"_links":{"self":[{"href":"https:\/\/www.subirachs.es\/ca\/wp-json\/wp\/v2\/pages\/2861","targetHints":{"allow":["GET"]}}],"collection":[{"href":"https:\/\/www.subirachs.es\/ca\/wp-json\/wp\/v2\/pages"}],"about":[{"href":"https:\/\/www.subirachs.es\/ca\/wp-json\/wp\/v2\/types\/page"}],"author":[{"embeddable":true,"href":"https:\/\/www.subirachs.es\/ca\/wp-json\/wp\/v2\/users\/4"}],"replies":[{"embeddable":true,"href":"https:\/\/www.subirachs.es\/ca\/wp-json\/wp\/v2\/comments?post=2861"}],"version-history":[{"count":15,"href":"https:\/\/www.subirachs.es\/ca\/wp-json\/wp\/v2\/pages\/2861\/revisions"}],"predecessor-version":[{"id":2950,"href":"https:\/\/www.subirachs.es\/ca\/wp-json\/wp\/v2\/pages\/2861\/revisions\/2950"}],"wp:attachment":[{"href":"https:\/\/www.subirachs.es\/ca\/wp-json\/wp\/v2\/media?parent=2861"}],"curies":[{"name":"wp","href":"https:\/\/api.w.org\/{rel}","templated":true}]}}