{"id":2847,"date":"2023-05-18T12:58:36","date_gmt":"2023-05-18T10:58:36","guid":{"rendered":"https:\/\/www.subirachs.es\/?page_id=2847"},"modified":"2023-05-30T12:35:18","modified_gmt":"2023-05-30T10:35:18","slug":"piezas-unicas","status":"publish","type":"page","link":"https:\/\/www.subirachs.es\/ca\/piezas-unicas\/","title":{"rendered":"PECES \u00daNIQUES"},"content":{"rendered":"\t\t<div data-elementor-type=\"wp-page\" data-elementor-id=\"2847\" class=\"elementor elementor-2847\" data-elementor-post-type=\"page\">\n\t\t\t\t\t\t<section class=\"elementor-section elementor-top-section elementor-element elementor-element-7ec97c53 elementor-section-content-middle elementor-section-height-min-height elementor-section-boxed elementor-section-height-default elementor-section-items-middle\" data-id=\"7ec97c53\" data-element_type=\"section\" data-e-type=\"section\" data-settings=\"{&quot;background_background&quot;:&quot;slideshow&quot;,&quot;background_slideshow_gallery&quot;:[{&quot;id&quot;:2954,&quot;url&quot;:&quot;https:\\\/\\\/www.subirachs.es\\\/wp-content\\\/uploads\\\/2023\\\/05\\\/Blanco-Cuadrado-Ciudad-Generico-Blog-de-viaje-Titulo-iPhone-Diseno-1.png&quot;},{&quot;id&quot;:2939,&quot;url&quot;:&quot;https:\\\/\\\/www.subirachs.es\\\/wp-content\\\/uploads\\\/2023\\\/05\\\/IMG_4968.jpg&quot;},{&quot;id&quot;:2918,&quot;url&quot;:&quot;https:\\\/\\\/www.subirachs.es\\\/wp-content\\\/uploads\\\/2023\\\/05\\\/IMG_4962.jpg&quot;},{&quot;id&quot;:2905,&quot;url&quot;:&quot;https:\\\/\\\/www.subirachs.es\\\/wp-content\\\/uploads\\\/2023\\\/05\\\/720F644A-E790-4EA6-9046-2DC5310688B8.jpg&quot;}],&quot;background_slideshow_loop&quot;:&quot;yes&quot;,&quot;background_slideshow_slide_duration&quot;:5000,&quot;background_slideshow_slide_transition&quot;:&quot;fade&quot;,&quot;background_slideshow_transition_duration&quot;:500}\">\n\t\t\t\t\t\t\t<div class=\"elementor-background-overlay\"><\/div>\n\t\t\t\t\t\t\t<div class=\"elementor-container elementor-column-gap-wider\">\n\t\t\t\t\t<div class=\"elementor-column elementor-col-100 elementor-top-column elementor-element elementor-element-3d721781\" data-id=\"3d721781\" data-element_type=\"column\" data-e-type=\"column\">\n\t\t\t<div class=\"elementor-widget-wrap elementor-element-populated\">\n\t\t\t\t\t\t<div class=\"elementor-element elementor-element-2ebed73c elementor-widget elementor-widget-heading\" data-id=\"2ebed73c\" data-element_type=\"widget\" data-e-type=\"widget\" data-widget_type=\"heading.default\">\n\t\t\t\t<div class=\"elementor-widget-container\">\n\t\t\t\t\t<h2 class=\"elementor-heading-title elementor-size-default\"><b>PIEZAS \u00daNICAS<\/b><\/h2>\t\t\t\t<\/div>\n\t\t\t\t<\/div>\n\t\t\t\t\t<\/div>\n\t\t<\/div>\n\t\t\t\t\t<\/div>\n\t\t<\/section>\n\t\t\t\t<section class=\"elementor-section elementor-top-section elementor-element elementor-element-017556c elementor-section-boxed elementor-section-height-default elementor-section-height-default\" data-id=\"017556c\" data-element_type=\"section\" data-e-type=\"section\">\n\t\t\t\t\t\t<div class=\"elementor-container elementor-column-gap-default\">\n\t\t\t\t\t<div class=\"elementor-column elementor-col-100 elementor-top-column elementor-element elementor-element-669d00c\" data-id=\"669d00c\" data-element_type=\"column\" data-e-type=\"column\">\n\t\t\t<div class=\"elementor-widget-wrap elementor-element-populated\">\n\t\t\t\t\t\t<div class=\"elementor-element elementor-element-830ff7d elementor-widget elementor-widget-text-editor\" data-id=\"830ff7d\" data-element_type=\"widget\" data-e-type=\"widget\" data-widget_type=\"text-editor.default\">\n\t\t\t\t<div class=\"elementor-widget-container\">\n\t\t\t\t\t\t\t\t\t<p><br><\/p><p>El nuevo servicio \u00abPiezas \u00danicas\u00bb de <b>SUBIRACHS CONSTRUCCIONS<\/b> se especializa en la creaci\u00f3n de muebles a medida que reflejan la singularidad de cada cliente. Cada pieza se elabora meticulosamente a mano, prestando una gran atenci\u00f3n al detalle. Adem\u00e1s, se utiliza una cuidadosa selecci\u00f3n de materiales reciclables y sostenibles en la fabricaci\u00f3n, demostrando el compromiso de la empresa con el medio ambiente. Ya sean restauradas o de nueva creaci\u00f3n, estas piezas son originales, creativas y \u00fanicas, brindando un toque especial y personalizado a cualquier espacio.<\/p>\t\t\t\t\t\t\t\t<\/div>\n\t\t\t\t<\/div>\n\t\t\t\t\t<\/div>\n\t\t<\/div>\n\t\t\t\t\t<\/div>\n\t\t<\/section>\n\t\t\t\t<section class=\"elementor-section elementor-top-section elementor-element elementor-element-6271bcc elementor-section-boxed elementor-section-height-default elementor-section-height-default\" data-id=\"6271bcc\" data-element_type=\"section\" data-e-type=\"section\">\n\t\t\t\t\t\t<div class=\"elementor-container elementor-column-gap-default\">\n\t\t\t\t\t<div class=\"elementor-column elementor-col-33 elementor-top-column elementor-element elementor-element-ec48fc1\" data-id=\"ec48fc1\" data-element_type=\"column\" data-e-type=\"column\">\n\t\t\t<div class=\"elementor-widget-wrap elementor-element-populated\">\n\t\t\t\t\t\t<div class=\"elementor-element elementor-element-6e7d95c elementor-widget elementor-widget-image\" data-id=\"6e7d95c\" data-element_type=\"widget\" data-e-type=\"widget\" data-widget_type=\"image.default\">\n\t\t\t\t<div class=\"elementor-widget-container\">\n\t\t\t\t\t\t\t\t\t\t\t\t\t\t\t<img fetchpriority=\"high\" decoding=\"async\" width=\"800\" height=\"800\" src=\"https:\/\/www.subirachs.es\/wp-content\/uploads\/2023\/05\/Blanco-Cuadrado-Ciudad-Generico-Blog-de-viaje-Titulo-iPhone-Diseno-1-1024x1024.png\" class=\"attachment-large size-large wp-image-2954\" alt=\"\" srcset=\"https:\/\/www.subirachs.es\/wp-content\/uploads\/2023\/05\/Blanco-Cuadrado-Ciudad-Generico-Blog-de-viaje-Titulo-iPhone-Diseno-1-1024x1024.png 1024w, https:\/\/www.subirachs.es\/wp-content\/uploads\/2023\/05\/Blanco-Cuadrado-Ciudad-Generico-Blog-de-viaje-Titulo-iPhone-Diseno-1-300x300.png 300w, https:\/\/www.subirachs.es\/wp-content\/uploads\/2023\/05\/Blanco-Cuadrado-Ciudad-Generico-Blog-de-viaje-Titulo-iPhone-Diseno-1-150x150.png 150w, https:\/\/www.subirachs.es\/wp-content\/uploads\/2023\/05\/Blanco-Cuadrado-Ciudad-Generico-Blog-de-viaje-Titulo-iPhone-Diseno-1-768x768.png 768w, https:\/\/www.subirachs.es\/wp-content\/uploads\/2023\/05\/Blanco-Cuadrado-Ciudad-Generico-Blog-de-viaje-Titulo-iPhone-Diseno-1-12x12.png 12w, https:\/\/www.subirachs.es\/wp-content\/uploads\/2023\/05\/Blanco-Cuadrado-Ciudad-Generico-Blog-de-viaje-Titulo-iPhone-Diseno-1.png 1080w\" sizes=\"(max-width: 800px) 100vw, 800px\" \/>\t\t\t\t\t\t\t\t\t\t\t\t\t\t\t<\/div>\n\t\t\t\t<\/div>\n\t\t\t\t<div class=\"elementor-element elementor-element-bde8587 elementor-align-center elementor-widget elementor-widget-button\" data-id=\"bde8587\" data-element_type=\"widget\" data-e-type=\"widget\" data-widget_type=\"button.default\">\n\t\t\t\t<div class=\"elementor-widget-container\">\n\t\t\t\t\t\t\t\t\t<div class=\"elementor-button-wrapper\">\n\t\t\t\t\t<a class=\"elementor-button elementor-button-link elementor-size-sm\" href=\"\/armariocielo\/\">\n\t\t\t\t\t\t<span class=\"elementor-button-content-wrapper\">\n\t\t\t\t\t\t\t\t\t<span class=\"elementor-button-text\">ARMARIO CAJONERA<\/span>\n\t\t\t\t\t<\/span>\n\t\t\t\t\t<\/a>\n\t\t\t\t<\/div>\n\t\t\t\t\t\t\t\t<\/div>\n\t\t\t\t<\/div>\n\t\t\t\t\t<\/div>\n\t\t<\/div>\n\t\t\t\t<div class=\"elementor-column elementor-col-33 elementor-top-column elementor-element elementor-element-66d85b6\" data-id=\"66d85b6\" data-element_type=\"column\" data-e-type=\"column\">\n\t\t\t<div class=\"elementor-widget-wrap\">\n\t\t\t\t\t\t\t<\/div>\n\t\t<\/div>\n\t\t\t\t<div class=\"elementor-column elementor-col-33 elementor-top-column elementor-element elementor-element-301cb6b\" data-id=\"301cb6b\" data-element_type=\"column\" data-e-type=\"column\">\n\t\t\t<div class=\"elementor-widget-wrap\">\n\t\t\t\t\t\t\t<\/div>\n\t\t<\/div>\n\t\t\t\t\t<\/div>\n\t\t<\/section>\n\t\t\t\t<section class=\"elementor-section elementor-top-section elementor-element elementor-element-d10b882 elementor-section-boxed elementor-section-height-default elementor-section-height-default\" data-id=\"d10b882\" data-element_type=\"section\" data-e-type=\"section\">\n\t\t\t\t\t\t<div class=\"elementor-container elementor-column-gap-default\">\n\t\t\t\t\t<div class=\"elementor-column elementor-col-33 elementor-top-column elementor-element elementor-element-635e815\" data-id=\"635e815\" data-element_type=\"column\" data-e-type=\"column\">\n\t\t\t<div class=\"elementor-widget-wrap elementor-element-populated\">\n\t\t\t\t\t\t<div class=\"elementor-element elementor-element-9a7c556 elementor-widget elementor-widget-image\" data-id=\"9a7c556\" data-element_type=\"widget\" data-e-type=\"widget\" data-widget_type=\"image.default\">\n\t\t\t\t<div class=\"elementor-widget-container\">\n\t\t\t\t\t\t\t\t\t\t\t\t\t\t\t<img decoding=\"async\" width=\"800\" height=\"800\" src=\"https:\/\/www.subirachs.es\/wp-content\/uploads\/2023\/05\/Blanco-Cuadrado-Ciudad-Generico-Blog-de-viaje-Titulo-iPhone-Diseno-1024x1024.png\" class=\"attachment-large size-large wp-image-2880\" alt=\"\" srcset=\"https:\/\/www.subirachs.es\/wp-content\/uploads\/2023\/05\/Blanco-Cuadrado-Ciudad-Generico-Blog-de-viaje-Titulo-iPhone-Diseno-1024x1024.png 1024w, https:\/\/www.subirachs.es\/wp-content\/uploads\/2023\/05\/Blanco-Cuadrado-Ciudad-Generico-Blog-de-viaje-Titulo-iPhone-Diseno-300x300.png 300w, https:\/\/www.subirachs.es\/wp-content\/uploads\/2023\/05\/Blanco-Cuadrado-Ciudad-Generico-Blog-de-viaje-Titulo-iPhone-Diseno-150x150.png 150w, https:\/\/www.subirachs.es\/wp-content\/uploads\/2023\/05\/Blanco-Cuadrado-Ciudad-Generico-Blog-de-viaje-Titulo-iPhone-Diseno-768x768.png 768w, https:\/\/www.subirachs.es\/wp-content\/uploads\/2023\/05\/Blanco-Cuadrado-Ciudad-Generico-Blog-de-viaje-Titulo-iPhone-Diseno-12x12.png 12w, https:\/\/www.subirachs.es\/wp-content\/uploads\/2023\/05\/Blanco-Cuadrado-Ciudad-Generico-Blog-de-viaje-Titulo-iPhone-Diseno.png 1080w\" sizes=\"(max-width: 800px) 100vw, 800px\" \/>\t\t\t\t\t\t\t\t\t\t\t\t\t\t\t<\/div>\n\t\t\t\t<\/div>\n\t\t\t\t<div class=\"elementor-element elementor-element-7936f5d elementor-align-center elementor-widget elementor-widget-button\" data-id=\"7936f5d\" data-element_type=\"widget\" data-e-type=\"widget\" data-widget_type=\"button.default\">\n\t\t\t\t<div class=\"elementor-widget-container\">\n\t\t\t\t\t\t\t\t\t<div class=\"elementor-button-wrapper\">\n\t\t\t\t\t<a class=\"elementor-button elementor-button-link elementor-size-sm\" href=\"\/mesaencanto\/\">\n\t\t\t\t\t\t<span class=\"elementor-button-content-wrapper\">\n\t\t\t\t\t\t\t\t\t<span class=\"elementor-button-text\">MESA ENCANTO<\/span>\n\t\t\t\t\t<\/span>\n\t\t\t\t\t<\/a>\n\t\t\t\t<\/div>\n\t\t\t\t\t\t\t\t<\/div>\n\t\t\t\t<\/div>\n\t\t\t\t\t<\/div>\n\t\t<\/div>\n\t\t\t\t<div class=\"elementor-column elementor-col-33 elementor-top-column elementor-element elementor-element-88d2d9c\" data-id=\"88d2d9c\" data-element_type=\"column\" data-e-type=\"column\">\n\t\t\t<div class=\"elementor-widget-wrap elementor-element-populated\">\n\t\t\t\t\t\t<div class=\"elementor-element elementor-element-fceec56 elementor-widget elementor-widget-image\" data-id=\"fceec56\" data-element_type=\"widget\" data-e-type=\"widget\" data-widget_type=\"image.default\">\n\t\t\t\t<div class=\"elementor-widget-container\">\n\t\t\t\t\t\t\t\t\t\t\t\t\t\t\t<img decoding=\"async\" width=\"800\" height=\"800\" src=\"https:\/\/www.subirachs.es\/wp-content\/uploads\/2023\/05\/3-1024x1024.png\" class=\"attachment-large size-large wp-image-2881\" alt=\"\" srcset=\"https:\/\/www.subirachs.es\/wp-content\/uploads\/2023\/05\/3-1024x1024.png 1024w, https:\/\/www.subirachs.es\/wp-content\/uploads\/2023\/05\/3-300x300.png 300w, https:\/\/www.subirachs.es\/wp-content\/uploads\/2023\/05\/3-150x150.png 150w, https:\/\/www.subirachs.es\/wp-content\/uploads\/2023\/05\/3-768x768.png 768w, https:\/\/www.subirachs.es\/wp-content\/uploads\/2023\/05\/3-12x12.png 12w, https:\/\/www.subirachs.es\/wp-content\/uploads\/2023\/05\/3.png 1080w\" sizes=\"(max-width: 800px) 100vw, 800px\" \/>\t\t\t\t\t\t\t\t\t\t\t\t\t\t\t<\/div>\n\t\t\t\t<\/div>\n\t\t\t\t<div class=\"elementor-element elementor-element-5bd8c52 elementor-align-center elementor-widget elementor-widget-button\" data-id=\"5bd8c52\" data-element_type=\"widget\" data-e-type=\"widget\" data-widget_type=\"button.default\">\n\t\t\t\t<div class=\"elementor-widget-container\">\n\t\t\t\t\t\t\t\t\t<div class=\"elementor-button-wrapper\">\n\t\t\t\t\t<a class=\"elementor-button elementor-button-link elementor-size-sm\" href=\"\/lamparaparra\/\">\n\t\t\t\t\t\t<span class=\"elementor-button-content-wrapper\">\n\t\t\t\t\t\t\t\t\t<span class=\"elementor-button-text\">L\u00c1MPARA PARRA<\/span>\n\t\t\t\t\t<\/span>\n\t\t\t\t\t<\/a>\n\t\t\t\t<\/div>\n\t\t\t\t\t\t\t\t<\/div>\n\t\t\t\t<\/div>\n\t\t\t\t\t<\/div>\n\t\t<\/div>\n\t\t\t\t<div class=\"elementor-column elementor-col-33 elementor-top-column elementor-element elementor-element-dc4fcd6\" data-id=\"dc4fcd6\" data-element_type=\"column\" data-e-type=\"column\">\n\t\t\t<div class=\"elementor-widget-wrap elementor-element-populated\">\n\t\t\t\t\t\t<div class=\"elementor-element elementor-element-1704430 elementor-widget elementor-widget-image\" data-id=\"1704430\" data-element_type=\"widget\" data-e-type=\"widget\" data-widget_type=\"image.default\">\n\t\t\t\t<div class=\"elementor-widget-container\">\n\t\t\t\t\t\t\t\t\t\t\t\t\t\t\t<img loading=\"lazy\" decoding=\"async\" width=\"800\" height=\"800\" src=\"https:\/\/www.subirachs.es\/wp-content\/uploads\/2023\/05\/5-1024x1024.png\" class=\"attachment-large size-large wp-image-2885\" alt=\"\" srcset=\"https:\/\/www.subirachs.es\/wp-content\/uploads\/2023\/05\/5-1024x1024.png 1024w, https:\/\/www.subirachs.es\/wp-content\/uploads\/2023\/05\/5-300x300.png 300w, https:\/\/www.subirachs.es\/wp-content\/uploads\/2023\/05\/5-150x150.png 150w, https:\/\/www.subirachs.es\/wp-content\/uploads\/2023\/05\/5-768x768.png 768w, https:\/\/www.subirachs.es\/wp-content\/uploads\/2023\/05\/5-12x12.png 12w, https:\/\/www.subirachs.es\/wp-content\/uploads\/2023\/05\/5.png 1080w\" sizes=\"(max-width: 800px) 100vw, 800px\" \/>\t\t\t\t\t\t\t\t\t\t\t\t\t\t\t<\/div>\n\t\t\t\t<\/div>\n\t\t\t\t<div class=\"elementor-element elementor-element-361063e elementor-align-center elementor-widget elementor-widget-button\" data-id=\"361063e\" data-element_type=\"widget\" data-e-type=\"widget\" data-widget_type=\"button.default\">\n\t\t\t\t<div class=\"elementor-widget-container\">\n\t\t\t\t\t\t\t\t\t<div class=\"elementor-button-wrapper\">\n\t\t\t\t\t<a class=\"elementor-button elementor-button-link elementor-size-sm\" href=\"\/cabeceroserenidad\/\">\n\t\t\t\t\t\t<span class=\"elementor-button-content-wrapper\">\n\t\t\t\t\t\t\t\t\t<span class=\"elementor-button-text\">CABECERO SERENIDAD<\/span>\n\t\t\t\t\t<\/span>\n\t\t\t\t\t<\/a>\n\t\t\t\t<\/div>\n\t\t\t\t\t\t\t\t<\/div>\n\t\t\t\t<\/div>\n\t\t\t\t\t<\/div>\n\t\t<\/div>\n\t\t\t\t\t<\/div>\n\t\t<\/section>\n\t\t\t\t<\/div>\n\t\t","protected":false},"excerpt":{"rendered":"<p>PIEZAS \u00daNICAS El nuevo servicio \u00abPiezas \u00danicas\u00bb de SUBIRACHS CONSTRUCCIONS se especializa en la creaci\u00f3n de muebles a medida que reflejan la singularidad de cada cliente. Cada pieza se elabora meticulosamente a mano, prestando una gran atenci\u00f3n al detalle. Adem\u00e1s, se utiliza una cuidadosa selecci\u00f3n de materiales reciclables y sostenibles en la fabricaci\u00f3n, demostrando el [&hellip;]<\/p>\n","protected":false},"author":4,"featured_media":0,"parent":0,"menu_order":0,"comment_status":"closed","ping_status":"closed","template":"","meta":{"footnotes":""},"class_list":["post-2847","page","type-page","status-publish","hentry"],"yoast_head":"<!-- This site is optimized with the Yoast SEO plugin v27.4 - https:\/\/yoast.com\/product\/yoast-seo-wordpress\/ -->\n<title>PIEZAS \u00daNICAS - SUBIRACHS CONSTRUCCIONS<\/title>\n<meta name=\"robots\" content=\"index, follow, max-snippet:-1, max-image-preview:large, max-video-preview:-1\" \/>\n<link rel=\"canonical\" href=\"https:\/\/www.subirachs.es\/ca\/piezas-unicas\/\" \/>\n<meta property=\"og:locale\" content=\"ca_ES\" \/>\n<meta property=\"og:type\" content=\"article\" \/>\n<meta property=\"og:title\" content=\"PIEZAS \u00daNICAS - SUBIRACHS CONSTRUCCIONS\" \/>\n<meta property=\"og:description\" content=\"PIEZAS \u00daNICAS El nuevo servicio \u00abPiezas \u00danicas\u00bb de SUBIRACHS CONSTRUCCIONS se especializa en la creaci\u00f3n de muebles a medida que reflejan la singularidad de cada cliente. Cada pieza se elabora meticulosamente a mano, prestando una gran atenci\u00f3n al detalle. Adem\u00e1s, se utiliza una cuidadosa selecci\u00f3n de materiales reciclables y sostenibles en la fabricaci\u00f3n, demostrando el [&hellip;]\" \/>\n<meta property=\"og:url\" content=\"https:\/\/www.subirachs.es\/ca\/piezas-unicas\/\" \/>\n<meta property=\"og:site_name\" content=\"SUBIRACHS CONSTRUCCIONS\" \/>\n<meta property=\"article:publisher\" content=\"https:\/\/www.facebook.com\/subirachsconstruccions\" \/>\n<meta property=\"article:modified_time\" content=\"2023-05-30T10:35:18+00:00\" \/>\n<meta property=\"og:image\" content=\"https:\/\/www.subirachs.es\/wp-content\/uploads\/2023\/05\/Blanco-Cuadrado-Ciudad-Generico-Blog-de-viaje-Titulo-iPhone-Diseno-1-1024x1024.png\" \/>\n<meta name=\"twitter:card\" content=\"summary_large_image\" \/>\n<meta name=\"twitter:label1\" content=\"Temps estimat de lectura\" \/>\n\t<meta name=\"twitter:data1\" content=\"2 minuts\" \/>\n<script type=\"application\/ld+json\" class=\"yoast-schema-graph\">{\"@context\":\"https:\\\/\\\/schema.org\",\"@graph\":[{\"@type\":\"WebPage\",\"@id\":\"https:\\\/\\\/www.subirachs.es\\\/piezas-unicas\\\/\",\"url\":\"https:\\\/\\\/www.subirachs.es\\\/piezas-unicas\\\/\",\"name\":\"PIEZAS \u00daNICAS - SUBIRACHS CONSTRUCCIONS\",\"isPartOf\":{\"@id\":\"https:\\\/\\\/www.subirachs.es\\\/#website\"},\"primaryImageOfPage\":{\"@id\":\"https:\\\/\\\/www.subirachs.es\\\/piezas-unicas\\\/#primaryimage\"},\"image\":{\"@id\":\"https:\\\/\\\/www.subirachs.es\\\/piezas-unicas\\\/#primaryimage\"},\"thumbnailUrl\":\"https:\\\/\\\/www.subirachs.es\\\/wp-content\\\/uploads\\\/2023\\\/05\\\/Blanco-Cuadrado-Ciudad-Generico-Blog-de-viaje-Titulo-iPhone-Diseno-1-1024x1024.png\",\"datePublished\":\"2023-05-18T10:58:36+00:00\",\"dateModified\":\"2023-05-30T10:35:18+00:00\",\"breadcrumb\":{\"@id\":\"https:\\\/\\\/www.subirachs.es\\\/piezas-unicas\\\/#breadcrumb\"},\"inLanguage\":\"ca\",\"potentialAction\":[{\"@type\":\"ReadAction\",\"target\":[\"https:\\\/\\\/www.subirachs.es\\\/piezas-unicas\\\/\"]}]},{\"@type\":\"ImageObject\",\"inLanguage\":\"ca\",\"@id\":\"https:\\\/\\\/www.subirachs.es\\\/piezas-unicas\\\/#primaryimage\",\"url\":\"https:\\\/\\\/www.subirachs.es\\\/wp-content\\\/uploads\\\/2023\\\/05\\\/Blanco-Cuadrado-Ciudad-Generico-Blog-de-viaje-Titulo-iPhone-Diseno-1-1024x1024.png\",\"contentUrl\":\"https:\\\/\\\/www.subirachs.es\\\/wp-content\\\/uploads\\\/2023\\\/05\\\/Blanco-Cuadrado-Ciudad-Generico-Blog-de-viaje-Titulo-iPhone-Diseno-1-1024x1024.png\"},{\"@type\":\"BreadcrumbList\",\"@id\":\"https:\\\/\\\/www.subirachs.es\\\/piezas-unicas\\\/#breadcrumb\",\"itemListElement\":[{\"@type\":\"ListItem\",\"position\":1,\"name\":\"Portada\",\"item\":\"https:\\\/\\\/www.subirachs.es\\\/\"},{\"@type\":\"ListItem\",\"position\":2,\"name\":\"PIEZAS \u00daNICAS\"}]},{\"@type\":\"WebSite\",\"@id\":\"https:\\\/\\\/www.subirachs.es\\\/#website\",\"url\":\"https:\\\/\\\/www.subirachs.es\\\/\",\"name\":\"subirachsconstruccions\",\"description\":\"\",\"publisher\":{\"@id\":\"https:\\\/\\\/www.subirachs.es\\\/#organization\"},\"potentialAction\":[{\"@type\":\"SearchAction\",\"target\":{\"@type\":\"EntryPoint\",\"urlTemplate\":\"https:\\\/\\\/www.subirachs.es\\\/?s={search_term_string}\"},\"query-input\":{\"@type\":\"PropertyValueSpecification\",\"valueRequired\":true,\"valueName\":\"search_term_string\"}}],\"inLanguage\":\"ca\"},{\"@type\":\"Organization\",\"@id\":\"https:\\\/\\\/www.subirachs.es\\\/#organization\",\"name\":\"subirachsconstruccions\",\"url\":\"https:\\\/\\\/www.subirachs.es\\\/\",\"logo\":{\"@type\":\"ImageObject\",\"inLanguage\":\"ca\",\"@id\":\"https:\\\/\\\/www.subirachs.es\\\/#\\\/schema\\\/logo\\\/image\\\/\",\"url\":\"https:\\\/\\\/www.subirachs.es\\\/wp-content\\\/uploads\\\/2020\\\/11\\\/LOGO-NOU-CONSTRUCCIO-2-e1666262050667.png\",\"contentUrl\":\"https:\\\/\\\/www.subirachs.es\\\/wp-content\\\/uploads\\\/2020\\\/11\\\/LOGO-NOU-CONSTRUCCIO-2-e1666262050667.png\",\"width\":92,\"height\":51,\"caption\":\"subirachsconstruccions\"},\"image\":{\"@id\":\"https:\\\/\\\/www.subirachs.es\\\/#\\\/schema\\\/logo\\\/image\\\/\"},\"sameAs\":[\"https:\\\/\\\/www.facebook.com\\\/subirachsconstruccions\",\"https:\\\/\\\/www.instagram.com\\\/subirachsconstruccions\\\/\"]}]}<\/script>\n<!-- \/ Yoast SEO plugin. -->","yoast_head_json":{"title":"PIEZAS \u00daNICAS - SUBIRACHS CONSTRUCCIONS","robots":{"index":"index","follow":"follow","max-snippet":"max-snippet:-1","max-image-preview":"max-image-preview:large","max-video-preview":"max-video-preview:-1"},"canonical":"https:\/\/www.subirachs.es\/ca\/piezas-unicas\/","og_locale":"ca_ES","og_type":"article","og_title":"PIEZAS \u00daNICAS - SUBIRACHS CONSTRUCCIONS","og_description":"PIEZAS \u00daNICAS El nuevo servicio \u00abPiezas \u00danicas\u00bb de SUBIRACHS CONSTRUCCIONS se especializa en la creaci\u00f3n de muebles a medida que reflejan la singularidad de cada cliente. Cada pieza se elabora meticulosamente a mano, prestando una gran atenci\u00f3n al detalle. Adem\u00e1s, se utiliza una cuidadosa selecci\u00f3n de materiales reciclables y sostenibles en la fabricaci\u00f3n, demostrando el [&hellip;]","og_url":"https:\/\/www.subirachs.es\/ca\/piezas-unicas\/","og_site_name":"SUBIRACHS CONSTRUCCIONS","article_publisher":"https:\/\/www.facebook.com\/subirachsconstruccions","article_modified_time":"2023-05-30T10:35:18+00:00","og_image":[{"url":"https:\/\/www.subirachs.es\/wp-content\/uploads\/2023\/05\/Blanco-Cuadrado-Ciudad-Generico-Blog-de-viaje-Titulo-iPhone-Diseno-1-1024x1024.png","type":"","width":"","height":""}],"twitter_card":"summary_large_image","twitter_misc":{"Temps estimat de lectura":"2 minuts"},"schema":{"@context":"https:\/\/schema.org","@graph":[{"@type":"WebPage","@id":"https:\/\/www.subirachs.es\/piezas-unicas\/","url":"https:\/\/www.subirachs.es\/piezas-unicas\/","name":"PIEZAS \u00daNICAS - SUBIRACHS CONSTRUCCIONS","isPartOf":{"@id":"https:\/\/www.subirachs.es\/#website"},"primaryImageOfPage":{"@id":"https:\/\/www.subirachs.es\/piezas-unicas\/#primaryimage"},"image":{"@id":"https:\/\/www.subirachs.es\/piezas-unicas\/#primaryimage"},"thumbnailUrl":"https:\/\/www.subirachs.es\/wp-content\/uploads\/2023\/05\/Blanco-Cuadrado-Ciudad-Generico-Blog-de-viaje-Titulo-iPhone-Diseno-1-1024x1024.png","datePublished":"2023-05-18T10:58:36+00:00","dateModified":"2023-05-30T10:35:18+00:00","breadcrumb":{"@id":"https:\/\/www.subirachs.es\/piezas-unicas\/#breadcrumb"},"inLanguage":"ca","potentialAction":[{"@type":"ReadAction","target":["https:\/\/www.subirachs.es\/piezas-unicas\/"]}]},{"@type":"ImageObject","inLanguage":"ca","@id":"https:\/\/www.subirachs.es\/piezas-unicas\/#primaryimage","url":"https:\/\/www.subirachs.es\/wp-content\/uploads\/2023\/05\/Blanco-Cuadrado-Ciudad-Generico-Blog-de-viaje-Titulo-iPhone-Diseno-1-1024x1024.png","contentUrl":"https:\/\/www.subirachs.es\/wp-content\/uploads\/2023\/05\/Blanco-Cuadrado-Ciudad-Generico-Blog-de-viaje-Titulo-iPhone-Diseno-1-1024x1024.png"},{"@type":"BreadcrumbList","@id":"https:\/\/www.subirachs.es\/piezas-unicas\/#breadcrumb","itemListElement":[{"@type":"ListItem","position":1,"name":"Portada","item":"https:\/\/www.subirachs.es\/"},{"@type":"ListItem","position":2,"name":"PIEZAS \u00daNICAS"}]},{"@type":"WebSite","@id":"https:\/\/www.subirachs.es\/#website","url":"https:\/\/www.subirachs.es\/","name":"subirachsconstruccions","description":"","publisher":{"@id":"https:\/\/www.subirachs.es\/#organization"},"potentialAction":[{"@type":"SearchAction","target":{"@type":"EntryPoint","urlTemplate":"https:\/\/www.subirachs.es\/?s={search_term_string}"},"query-input":{"@type":"PropertyValueSpecification","valueRequired":true,"valueName":"search_term_string"}}],"inLanguage":"ca"},{"@type":"Organization","@id":"https:\/\/www.subirachs.es\/#organization","name":"subirachsconstruccions","url":"https:\/\/www.subirachs.es\/","logo":{"@type":"ImageObject","inLanguage":"ca","@id":"https:\/\/www.subirachs.es\/#\/schema\/logo\/image\/","url":"https:\/\/www.subirachs.es\/wp-content\/uploads\/2020\/11\/LOGO-NOU-CONSTRUCCIO-2-e1666262050667.png","contentUrl":"https:\/\/www.subirachs.es\/wp-content\/uploads\/2020\/11\/LOGO-NOU-CONSTRUCCIO-2-e1666262050667.png","width":92,"height":51,"caption":"subirachsconstruccions"},"image":{"@id":"https:\/\/www.subirachs.es\/#\/schema\/logo\/image\/"},"sameAs":["https:\/\/www.facebook.com\/subirachsconstruccions","https:\/\/www.instagram.com\/subirachsconstruccions\/"]}]}},"_links":{"self":[{"href":"https:\/\/www.subirachs.es\/ca\/wp-json\/wp\/v2\/pages\/2847","targetHints":{"allow":["GET"]}}],"collection":[{"href":"https:\/\/www.subirachs.es\/ca\/wp-json\/wp\/v2\/pages"}],"about":[{"href":"https:\/\/www.subirachs.es\/ca\/wp-json\/wp\/v2\/types\/page"}],"author":[{"embeddable":true,"href":"https:\/\/www.subirachs.es\/ca\/wp-json\/wp\/v2\/users\/4"}],"replies":[{"embeddable":true,"href":"https:\/\/www.subirachs.es\/ca\/wp-json\/wp\/v2\/comments?post=2847"}],"version-history":[{"count":74,"href":"https:\/\/www.subirachs.es\/ca\/wp-json\/wp\/v2\/pages\/2847\/revisions"}],"predecessor-version":[{"id":3004,"href":"https:\/\/www.subirachs.es\/ca\/wp-json\/wp\/v2\/pages\/2847\/revisions\/3004"}],"wp:attachment":[{"href":"https:\/\/www.subirachs.es\/ca\/wp-json\/wp\/v2\/media?parent=2847"}],"curies":[{"name":"wp","href":"https:\/\/api.w.org\/{rel}","templated":true}]}}