{"id":2716,"date":"2023-02-06T10:07:34","date_gmt":"2023-02-06T09:07:34","guid":{"rendered":"https:\/\/www.subirachs.es\/?page_id=2716"},"modified":"2023-02-06T10:38:34","modified_gmt":"2023-02-06T09:38:34","slug":"volta-catalana","status":"publish","type":"page","link":"https:\/\/www.subirachs.es\/ca\/volta-catalana\/","title":{"rendered":"VOLTA CATALANA"},"content":{"rendered":"<div data-elementor-type=\"wp-page\" data-elementor-id=\"2716\" class=\"elementor elementor-2716\" data-elementor-post-type=\"page\">\n\t\t\t\t\t\t<section class=\"elementor-section elementor-top-section elementor-element elementor-element-52e9d31c elementor-section-full_width elementor-section-height-min-height elementor-section-items-stretch elementor-section-height-default\" data-id=\"52e9d31c\" data-element_type=\"section\" data-e-type=\"section\">\n\t\t\t\t\t\t<div class=\"elementor-container elementor-column-gap-default\">\n\t\t\t\t\t<div class=\"elementor-column elementor-col-100 elementor-top-column elementor-element elementor-element-d63a38b\" data-id=\"d63a38b\" data-element_type=\"column\" data-e-type=\"column\">\n\t\t\t<div class=\"elementor-widget-wrap elementor-element-populated\">\n\t\t\t\t\t\t<div class=\"elementor-element elementor-element-5b0ecc25 elementor-invisible elementor-widget elementor-widget-heading\" data-id=\"5b0ecc25\" data-element_type=\"widget\" data-e-type=\"widget\" data-settings=\"{&quot;_animation&quot;:&quot;fadeInUp&quot;,&quot;_animation_delay&quot;:300}\" data-widget_type=\"heading.default\">\n\t\t\t\t<div class=\"elementor-widget-container\">\n\t\t\t\t\t<h1 class=\"elementor-heading-title elementor-size-default\">VOLTA CATALANA<\/h1>\t\t\t\t<\/div>\n\t\t\t\t<\/div>\n\t\t\t\t<div class=\"elementor-element elementor-element-5559ee55 elementor-invisible elementor-widget elementor-widget-text-editor\" data-id=\"5559ee55\" data-element_type=\"widget\" data-e-type=\"widget\" data-settings=\"{&quot;_animation&quot;:&quot;fadeInUp&quot;,&quot;_animation_delay&quot;:500}\" data-widget_type=\"text-editor.default\">\n\t\t\t\t<div class=\"elementor-widget-container\">\n\t\t\t\t\t\t\t\t\t<h5><em>Dissenys \u00fanics amb Volta Catalana; porxos, escales, sostres...\u00a0<\/em><\/h5><p><strong>TOT EL QUE PUGUIS IMAGINAR!!!!<\/strong><\/p>\t\t\t\t\t\t\t\t<\/div>\n\t\t\t\t<\/div>\n\t\t\t\t\t<\/div>\n\t\t<\/div>\n\t\t\t\t\t<\/div>\n\t\t<\/section>\n\t\t\t\t<section class=\"elementor-section elementor-top-section elementor-element elementor-element-2fe3cf92 elementor-section-boxed elementor-section-height-default elementor-section-height-default\" data-id=\"2fe3cf92\" data-element_type=\"section\" data-e-type=\"section\" data-settings=\"{&quot;background_background&quot;:&quot;classic&quot;}\">\n\t\t\t\t\t\t<div class=\"elementor-container elementor-column-gap-wider\">\n\t\t\t\t\t<div class=\"elementor-column elementor-col-50 elementor-top-column elementor-element elementor-element-3338b202\" data-id=\"3338b202\" data-element_type=\"column\" data-e-type=\"column\">\n\t\t\t<div class=\"elementor-widget-wrap elementor-element-populated\">\n\t\t\t\t\t\t<div class=\"elementor-element elementor-element-fefb979 elementor-widget elementor-widget-image\" data-id=\"fefb979\" data-element_type=\"widget\" data-e-type=\"widget\" data-widget_type=\"image.default\">\n\t\t\t\t<div class=\"elementor-widget-container\">\n\t\t\t\t\t\t\t\t\t\t\t\t\t\t\t<img fetchpriority=\"high\" decoding=\"async\" width=\"768\" height=\"1024\" src=\"https:\/\/www.subirachs.es\/wp-content\/uploads\/2023\/02\/WhatsApp-Image-2023-01-30-at-12.20.23.jpeg\" class=\"elementor-animation-hang attachment-full size-full wp-image-2720\" alt=\"\" srcset=\"https:\/\/www.subirachs.es\/wp-content\/uploads\/2023\/02\/WhatsApp-Image-2023-01-30-at-12.20.23.jpeg 768w, https:\/\/www.subirachs.es\/wp-content\/uploads\/2023\/02\/WhatsApp-Image-2023-01-30-at-12.20.23-225x300.jpeg 225w, https:\/\/www.subirachs.es\/wp-content\/uploads\/2023\/02\/WhatsApp-Image-2023-01-30-at-12.20.23-9x12.jpeg 9w\" sizes=\"(max-width: 768px) 100vw, 768px\" \/>\t\t\t\t\t\t\t\t\t\t\t\t\t\t\t<\/div>\n\t\t\t\t<\/div>\n\t\t\t\t<div class=\"elementor-element elementor-element-1747836 elementor-widget elementor-widget-image\" data-id=\"1747836\" data-element_type=\"widget\" data-e-type=\"widget\" data-widget_type=\"image.default\">\n\t\t\t\t<div class=\"elementor-widget-container\">\n\t\t\t\t\t\t\t\t\t\t\t\t\t\t\t<img decoding=\"async\" width=\"729\" height=\"890\" src=\"https:\/\/www.subirachs.es\/wp-content\/uploads\/2023\/02\/WhatsApp-Image-2023-01-30-at-12.20.59-e1675675051344.jpeg\" class=\"elementor-animation-hang attachment-full size-full wp-image-2719\" alt=\"\" srcset=\"https:\/\/www.subirachs.es\/wp-content\/uploads\/2023\/02\/WhatsApp-Image-2023-01-30-at-12.20.59-e1675675051344.jpeg 729w, https:\/\/www.subirachs.es\/wp-content\/uploads\/2023\/02\/WhatsApp-Image-2023-01-30-at-12.20.59-e1675675051344-246x300.jpeg 246w, https:\/\/www.subirachs.es\/wp-content\/uploads\/2023\/02\/WhatsApp-Image-2023-01-30-at-12.20.59-e1675675051344-10x12.jpeg 10w\" sizes=\"(max-width: 729px) 100vw, 729px\" \/>\t\t\t\t\t\t\t\t\t\t\t\t\t\t\t<\/div>\n\t\t\t\t<\/div>\n\t\t\t\t\t<\/div>\n\t\t<\/div>\n\t\t\t\t<div class=\"elementor-column elementor-col-50 elementor-top-column elementor-element elementor-element-40b565da\" data-id=\"40b565da\" data-element_type=\"column\" data-e-type=\"column\">\n\t\t\t<div class=\"elementor-widget-wrap elementor-element-populated\">\n\t\t\t\t\t\t<div class=\"elementor-element elementor-element-96374a7 elementor-widget elementor-widget-image\" data-id=\"96374a7\" data-element_type=\"widget\" data-e-type=\"widget\" data-widget_type=\"image.default\">\n\t\t\t\t<div class=\"elementor-widget-container\">\n\t\t\t\t\t\t\t\t\t\t\t\t\t\t\t<img decoding=\"async\" width=\"476\" height=\"643\" src=\"https:\/\/www.subirachs.es\/wp-content\/uploads\/2023\/02\/VC.jpg\" class=\"elementor-animation-hang attachment-full size-full wp-image-2722\" alt=\"\" srcset=\"https:\/\/www.subirachs.es\/wp-content\/uploads\/2023\/02\/VC.jpg 476w, https:\/\/www.subirachs.es\/wp-content\/uploads\/2023\/02\/VC-222x300.jpg 222w, https:\/\/www.subirachs.es\/wp-content\/uploads\/2023\/02\/VC-9x12.jpg 9w\" sizes=\"(max-width: 476px) 100vw, 476px\" \/>\t\t\t\t\t\t\t\t\t\t\t\t\t\t\t<\/div>\n\t\t\t\t<\/div>\n\t\t\t\t<div class=\"elementor-element elementor-element-07e9382 elementor-invisible elementor-widget elementor-widget-heading\" data-id=\"07e9382\" data-element_type=\"widget\" data-e-type=\"widget\" data-settings=\"{&quot;_animation&quot;:&quot;fadeInUp&quot;,&quot;_animation_delay&quot;:500}\" data-widget_type=\"heading.default\">\n\t\t\t\t<div class=\"elementor-widget-container\">\n\t\t\t\t\t<h4 class=\"elementor-heading-title elementor-size-medium\">T'AGRADARIA SABER TOT EL QUE FEM?<\/h4>\t\t\t\t<\/div>\n\t\t\t\t<\/div>\n\t\t\t\t<div class=\"elementor-element elementor-element-94297dc elementor-shape-rounded elementor-grid-0 e-grid-align-center elementor-widget elementor-widget-social-icons\" data-id=\"94297dc\" data-element_type=\"widget\" data-e-type=\"widget\" data-widget_type=\"social-icons.default\">\n\t\t\t\t<div class=\"elementor-widget-container\">\n\t\t\t\t\t\t\t<div class=\"elementor-social-icons-wrapper elementor-grid\" role=\"list\">\n\t\t\t\t\t\t\t<span class=\"elementor-grid-item\" role=\"listitem\">\n\t\t\t\t\t<a class=\"elementor-icon elementor-social-icon elementor-social-icon-facebook-f elementor-repeater-item-d8e14b7\" href=\"https:\/\/www.facebook.com\/subirachsconstruccions\" target=\"_blank\">\n\t\t\t\t\t\t<span class=\"elementor-screen-only\">Facebook-f<\/span>\n\t\t\t\t\t\t<i aria-hidden=\"true\" class=\"fab fa-facebook-f\"><\/i>\t\t\t\t\t<\/a>\n\t\t\t\t<\/span>\n\t\t\t\t\t\t\t<span class=\"elementor-grid-item\" role=\"listitem\">\n\t\t\t\t\t<a class=\"elementor-icon elementor-social-icon elementor-social-icon-instagram elementor-repeater-item-0948037\" href=\"https:\/\/www.instagram.com\/subirachsconstruccions\/\" target=\"_blank\">\n\t\t\t\t\t\t<span class=\"elementor-screen-only\">Instagram<\/span>\n\t\t\t\t\t\t<i aria-hidden=\"true\" class=\"fab fa-instagram\"><\/i>\t\t\t\t\t<\/a>\n\t\t\t\t<\/span>\n\t\t\t\t\t\t\t<span class=\"elementor-grid-item\" role=\"listitem\">\n\t\t\t\t\t<a class=\"elementor-icon elementor-social-icon elementor-social-icon-envelope elementor-repeater-item-f44b2cf\" href=\"http:\/\/administracio@subirachs.es\" target=\"_blank\">\n\t\t\t\t\t\t<span class=\"elementor-screen-only\">Envelope<\/span>\n\t\t\t\t\t\t<i aria-hidden=\"true\" class=\"fas fa-envelope\"><\/i>\t\t\t\t\t<\/a>\n\t\t\t\t<\/span>\n\t\t\t\t\t<\/div>\n\t\t\t\t\t\t<\/div>\n\t\t\t\t<\/div>\n\t\t\t\t\t<\/div>\n\t\t<\/div>\n\t\t\t\t\t<\/div>\n\t\t<\/section>\n\t\t\t\t<\/div>","protected":false},"excerpt":{"rendered":"<p>B\u00d3VEDA CATALANA Dise\u00f1os \u00fanicos con B\u00f3veda Catalana; porches, escaleras, techos&#8230;&nbsp; \u00a1TODO LO QUE PUEDAS IMAGINAR! \u00bfTE GUSTAR\u00cdA SABER TODO LO QUE HACEMOS? Facebook-f Instagram Envelope<\/p>","protected":false},"author":4,"featured_media":0,"parent":0,"menu_order":0,"comment_status":"closed","ping_status":"closed","template":"","meta":{"footnotes":""},"class_list":["post-2716","page","type-page","status-publish","hentry"],"yoast_head":"<!-- This site is optimized with the Yoast SEO plugin v27.4 - https:\/\/yoast.com\/product\/yoast-seo-wordpress\/ -->\n<title>B\u00d3VEDA CATALANA - SUBIRACHS CONSTRUCCIONS<\/title>\n<meta name=\"robots\" content=\"index, follow, max-snippet:-1, max-image-preview:large, max-video-preview:-1\" \/>\n<link rel=\"canonical\" href=\"https:\/\/www.subirachs.es\/ca\/volta-catalana\/\" \/>\n<meta property=\"og:locale\" content=\"ca_ES\" \/>\n<meta property=\"og:type\" content=\"article\" \/>\n<meta property=\"og:title\" content=\"B\u00d3VEDA CATALANA - SUBIRACHS CONSTRUCCIONS\" \/>\n<meta property=\"og:description\" content=\"B\u00d3VEDA CATALANA Dise\u00f1os \u00fanicos con B\u00f3veda Catalana; porches, escaleras, techos&#8230;&nbsp; \u00a1TODO LO QUE PUEDAS IMAGINAR! \u00bfTE GUSTAR\u00cdA SABER TODO LO QUE HACEMOS? Facebook-f Instagram Envelope\" \/>\n<meta property=\"og:url\" content=\"https:\/\/www.subirachs.es\/ca\/volta-catalana\/\" \/>\n<meta property=\"og:site_name\" content=\"SUBIRACHS CONSTRUCCIONS\" \/>\n<meta property=\"article:publisher\" content=\"https:\/\/www.facebook.com\/subirachsconstruccions\" \/>\n<meta property=\"article:modified_time\" content=\"2023-02-06T09:38:34+00:00\" \/>\n<meta property=\"og:image\" content=\"https:\/\/www.subirachs.es\/wp-content\/uploads\/2023\/02\/WhatsApp-Image-2023-01-30-at-12.20.23.jpeg\" \/>\n<meta name=\"twitter:card\" content=\"summary_large_image\" \/>\n<meta name=\"twitter:label1\" content=\"Temps estimat de lectura\" \/>\n\t<meta name=\"twitter:data1\" content=\"1 minut\" \/>\n<script type=\"application\/ld+json\" class=\"yoast-schema-graph\">{\"@context\":\"https:\\\/\\\/schema.org\",\"@graph\":[{\"@type\":\"WebPage\",\"@id\":\"https:\\\/\\\/www.subirachs.es\\\/volta-catalana\\\/\",\"url\":\"https:\\\/\\\/www.subirachs.es\\\/volta-catalana\\\/\",\"name\":\"B\u00d3VEDA CATALANA - SUBIRACHS CONSTRUCCIONS\",\"isPartOf\":{\"@id\":\"https:\\\/\\\/www.subirachs.es\\\/#website\"},\"primaryImageOfPage\":{\"@id\":\"https:\\\/\\\/www.subirachs.es\\\/volta-catalana\\\/#primaryimage\"},\"image\":{\"@id\":\"https:\\\/\\\/www.subirachs.es\\\/volta-catalana\\\/#primaryimage\"},\"thumbnailUrl\":\"https:\\\/\\\/www.subirachs.es\\\/wp-content\\\/uploads\\\/2023\\\/02\\\/WhatsApp-Image-2023-01-30-at-12.20.23.jpeg\",\"datePublished\":\"2023-02-06T09:07:34+00:00\",\"dateModified\":\"2023-02-06T09:38:34+00:00\",\"breadcrumb\":{\"@id\":\"https:\\\/\\\/www.subirachs.es\\\/volta-catalana\\\/#breadcrumb\"},\"inLanguage\":\"ca\",\"potentialAction\":[{\"@type\":\"ReadAction\",\"target\":[\"https:\\\/\\\/www.subirachs.es\\\/volta-catalana\\\/\"]}]},{\"@type\":\"ImageObject\",\"inLanguage\":\"ca\",\"@id\":\"https:\\\/\\\/www.subirachs.es\\\/volta-catalana\\\/#primaryimage\",\"url\":\"https:\\\/\\\/www.subirachs.es\\\/wp-content\\\/uploads\\\/2023\\\/02\\\/WhatsApp-Image-2023-01-30-at-12.20.23.jpeg\",\"contentUrl\":\"https:\\\/\\\/www.subirachs.es\\\/wp-content\\\/uploads\\\/2023\\\/02\\\/WhatsApp-Image-2023-01-30-at-12.20.23.jpeg\"},{\"@type\":\"BreadcrumbList\",\"@id\":\"https:\\\/\\\/www.subirachs.es\\\/volta-catalana\\\/#breadcrumb\",\"itemListElement\":[{\"@type\":\"ListItem\",\"position\":1,\"name\":\"Portada\",\"item\":\"https:\\\/\\\/www.subirachs.es\\\/\"},{\"@type\":\"ListItem\",\"position\":2,\"name\":\"B\u00d3VEDA CATALANA\"}]},{\"@type\":\"WebSite\",\"@id\":\"https:\\\/\\\/www.subirachs.es\\\/#website\",\"url\":\"https:\\\/\\\/www.subirachs.es\\\/\",\"name\":\"subirachsconstruccions\",\"description\":\"\",\"publisher\":{\"@id\":\"https:\\\/\\\/www.subirachs.es\\\/#organization\"},\"potentialAction\":[{\"@type\":\"SearchAction\",\"target\":{\"@type\":\"EntryPoint\",\"urlTemplate\":\"https:\\\/\\\/www.subirachs.es\\\/?s={search_term_string}\"},\"query-input\":{\"@type\":\"PropertyValueSpecification\",\"valueRequired\":true,\"valueName\":\"search_term_string\"}}],\"inLanguage\":\"ca\"},{\"@type\":\"Organization\",\"@id\":\"https:\\\/\\\/www.subirachs.es\\\/#organization\",\"name\":\"subirachsconstruccions\",\"url\":\"https:\\\/\\\/www.subirachs.es\\\/\",\"logo\":{\"@type\":\"ImageObject\",\"inLanguage\":\"ca\",\"@id\":\"https:\\\/\\\/www.subirachs.es\\\/#\\\/schema\\\/logo\\\/image\\\/\",\"url\":\"https:\\\/\\\/www.subirachs.es\\\/wp-content\\\/uploads\\\/2020\\\/11\\\/LOGO-NOU-CONSTRUCCIO-2-e1666262050667.png\",\"contentUrl\":\"https:\\\/\\\/www.subirachs.es\\\/wp-content\\\/uploads\\\/2020\\\/11\\\/LOGO-NOU-CONSTRUCCIO-2-e1666262050667.png\",\"width\":92,\"height\":51,\"caption\":\"subirachsconstruccions\"},\"image\":{\"@id\":\"https:\\\/\\\/www.subirachs.es\\\/#\\\/schema\\\/logo\\\/image\\\/\"},\"sameAs\":[\"https:\\\/\\\/www.facebook.com\\\/subirachsconstruccions\",\"https:\\\/\\\/www.instagram.com\\\/subirachsconstruccions\\\/\"]}]}<\/script>\n<!-- \/ Yoast SEO plugin. -->","yoast_head_json":{"title":"B\u00d3VEDA CATALANA - SUBIRACHS CONSTRUCCIONS","robots":{"index":"index","follow":"follow","max-snippet":"max-snippet:-1","max-image-preview":"max-image-preview:large","max-video-preview":"max-video-preview:-1"},"canonical":"https:\/\/www.subirachs.es\/ca\/volta-catalana\/","og_locale":"ca_ES","og_type":"article","og_title":"B\u00d3VEDA CATALANA - SUBIRACHS CONSTRUCCIONS","og_description":"B\u00d3VEDA CATALANA Dise\u00f1os \u00fanicos con B\u00f3veda Catalana; porches, escaleras, techos&#8230;&nbsp; \u00a1TODO LO QUE PUEDAS IMAGINAR! \u00bfTE GUSTAR\u00cdA SABER TODO LO QUE HACEMOS? Facebook-f Instagram Envelope","og_url":"https:\/\/www.subirachs.es\/ca\/volta-catalana\/","og_site_name":"SUBIRACHS CONSTRUCCIONS","article_publisher":"https:\/\/www.facebook.com\/subirachsconstruccions","article_modified_time":"2023-02-06T09:38:34+00:00","og_image":[{"url":"https:\/\/www.subirachs.es\/wp-content\/uploads\/2023\/02\/WhatsApp-Image-2023-01-30-at-12.20.23.jpeg","type":"","width":"","height":""}],"twitter_card":"summary_large_image","twitter_misc":{"Temps estimat de lectura":"1 minut"},"schema":{"@context":"https:\/\/schema.org","@graph":[{"@type":"WebPage","@id":"https:\/\/www.subirachs.es\/volta-catalana\/","url":"https:\/\/www.subirachs.es\/volta-catalana\/","name":"B\u00d3VEDA CATALANA - SUBIRACHS CONSTRUCCIONS","isPartOf":{"@id":"https:\/\/www.subirachs.es\/#website"},"primaryImageOfPage":{"@id":"https:\/\/www.subirachs.es\/volta-catalana\/#primaryimage"},"image":{"@id":"https:\/\/www.subirachs.es\/volta-catalana\/#primaryimage"},"thumbnailUrl":"https:\/\/www.subirachs.es\/wp-content\/uploads\/2023\/02\/WhatsApp-Image-2023-01-30-at-12.20.23.jpeg","datePublished":"2023-02-06T09:07:34+00:00","dateModified":"2023-02-06T09:38:34+00:00","breadcrumb":{"@id":"https:\/\/www.subirachs.es\/volta-catalana\/#breadcrumb"},"inLanguage":"ca","potentialAction":[{"@type":"ReadAction","target":["https:\/\/www.subirachs.es\/volta-catalana\/"]}]},{"@type":"ImageObject","inLanguage":"ca","@id":"https:\/\/www.subirachs.es\/volta-catalana\/#primaryimage","url":"https:\/\/www.subirachs.es\/wp-content\/uploads\/2023\/02\/WhatsApp-Image-2023-01-30-at-12.20.23.jpeg","contentUrl":"https:\/\/www.subirachs.es\/wp-content\/uploads\/2023\/02\/WhatsApp-Image-2023-01-30-at-12.20.23.jpeg"},{"@type":"BreadcrumbList","@id":"https:\/\/www.subirachs.es\/volta-catalana\/#breadcrumb","itemListElement":[{"@type":"ListItem","position":1,"name":"Portada","item":"https:\/\/www.subirachs.es\/"},{"@type":"ListItem","position":2,"name":"B\u00d3VEDA CATALANA"}]},{"@type":"WebSite","@id":"https:\/\/www.subirachs.es\/#website","url":"https:\/\/www.subirachs.es\/","name":"subirachsconstruccions","description":"","publisher":{"@id":"https:\/\/www.subirachs.es\/#organization"},"potentialAction":[{"@type":"SearchAction","target":{"@type":"EntryPoint","urlTemplate":"https:\/\/www.subirachs.es\/?s={search_term_string}"},"query-input":{"@type":"PropertyValueSpecification","valueRequired":true,"valueName":"search_term_string"}}],"inLanguage":"ca"},{"@type":"Organization","@id":"https:\/\/www.subirachs.es\/#organization","name":"subirachsconstruccions","url":"https:\/\/www.subirachs.es\/","logo":{"@type":"ImageObject","inLanguage":"ca","@id":"https:\/\/www.subirachs.es\/#\/schema\/logo\/image\/","url":"https:\/\/www.subirachs.es\/wp-content\/uploads\/2020\/11\/LOGO-NOU-CONSTRUCCIO-2-e1666262050667.png","contentUrl":"https:\/\/www.subirachs.es\/wp-content\/uploads\/2020\/11\/LOGO-NOU-CONSTRUCCIO-2-e1666262050667.png","width":92,"height":51,"caption":"subirachsconstruccions"},"image":{"@id":"https:\/\/www.subirachs.es\/#\/schema\/logo\/image\/"},"sameAs":["https:\/\/www.facebook.com\/subirachsconstruccions","https:\/\/www.instagram.com\/subirachsconstruccions\/"]}]}},"_links":{"self":[{"href":"https:\/\/www.subirachs.es\/ca\/wp-json\/wp\/v2\/pages\/2716","targetHints":{"allow":["GET"]}}],"collection":[{"href":"https:\/\/www.subirachs.es\/ca\/wp-json\/wp\/v2\/pages"}],"about":[{"href":"https:\/\/www.subirachs.es\/ca\/wp-json\/wp\/v2\/types\/page"}],"author":[{"embeddable":true,"href":"https:\/\/www.subirachs.es\/ca\/wp-json\/wp\/v2\/users\/4"}],"replies":[{"embeddable":true,"href":"https:\/\/www.subirachs.es\/ca\/wp-json\/wp\/v2\/comments?post=2716"}],"version-history":[{"count":30,"href":"https:\/\/www.subirachs.es\/ca\/wp-json\/wp\/v2\/pages\/2716\/revisions"}],"predecessor-version":[{"id":2751,"href":"https:\/\/www.subirachs.es\/ca\/wp-json\/wp\/v2\/pages\/2716\/revisions\/2751"}],"wp:attachment":[{"href":"https:\/\/www.subirachs.es\/ca\/wp-json\/wp\/v2\/media?parent=2716"}],"curies":[{"name":"wp","href":"https:\/\/api.w.org\/{rel}","templated":true}]}}